{"id":7236,"date":"2019-11-11T14:01:17","date_gmt":"2019-11-11T06:01:17","guid":{"rendered":"https:\/\/www.humicchina.com\/?page_id=7236"},"modified":"2025-12-09T22:36:46","modified_gmt":"2025-12-09T14:36:46","slug":"50-plant-source-amino-acid","status":"publish","type":"page","link":"https:\/\/www.humicchina.com\/es\/50-plant-source-amino-acid","title":{"rendered":"50% Plant source amino acid fertilizer"},"content":{"rendered":"\t\t<div data-elementor-type=\"wp-page\" data-elementor-id=\"7236\" class=\"elementor elementor-7236\" data-elementor-post-type=\"page\">\n\t\t\t\t\t\t<section class=\"elementor-section elementor-top-section elementor-element elementor-element-682932f pbmit-col-stretched-none pbmit-bg-color-over-image elementor-section-boxed elementor-section-height-default elementor-section-height-default\" data-id=\"682932f\" data-element_type=\"section\">\n\t\t\t\t\t\t<div class=\"elementor-container elementor-column-gap-default\">\n\t\t\t\t\t<div class=\"elementor-column elementor-col-50 elementor-top-column elementor-element elementor-element-68d2690 pbmit-bg-color-over-image\" data-id=\"68d2690\" data-element_type=\"column\">\n\t\t\t<div class=\"elementor-widget-wrap elementor-element-populated\">\n\t\t\t\t\t\t<div class=\"elementor-element elementor-element-06780a0 elementor-widget elementor-widget-text-editor\" data-id=\"06780a0\" data-element_type=\"widget\" data-widget_type=\"text-editor.default\">\n\t\t\t\t<div class=\"elementor-widget-container\">\n\t\t\t\t\t\t\t\t\t<p><a class=\"home\" title=\"Go to JINGFENG HUMIC ACID.\" href=\"https:\/\/www.humicchina.com\/\" rel=\"nofollow\">JINGFENG HUMIC ACID<\/a>\u00a0 &gt; 50% Plant source amino acid fertilizer<\/p>\t\t\t\t\t\t\t\t<\/div>\n\t\t\t\t<\/div>\n\t\t\t\t\t<\/div>\n\t\t<\/div>\n\t\t\t\t<div class=\"elementor-column elementor-col-50 elementor-top-column elementor-element elementor-element-a080c39 pbmit-bg-color-over-image\" data-id=\"a080c39\" data-element_type=\"column\">\n\t\t\t<div class=\"elementor-widget-wrap\">\n\t\t\t\t\t\t\t<\/div>\n\t\t<\/div>\n\t\t\t\t\t<\/div>\n\t\t<\/section>\n\t\t\t\t<section class=\"elementor-section elementor-top-section elementor-element elementor-element-19d0b72 pbmit-col-stretched-none pbmit-bg-color-over-image elementor-section-boxed elementor-section-height-default elementor-section-height-default\" data-id=\"19d0b72\" data-element_type=\"section\">\n\t\t\t\t\t\t<div class=\"elementor-container elementor-column-gap-default\">\n\t\t\t\t\t<div class=\"elementor-column elementor-col-33 elementor-top-column elementor-element elementor-element-cc065a2 pbmit-bg-color-over-image\" data-id=\"cc065a2\" data-element_type=\"column\">\n\t\t\t<div class=\"elementor-widget-wrap elementor-element-populated\">\n\t\t\t\t\t\t<div class=\"elementor-element elementor-element-824f4eb elementor-widget elementor-widget-sidebar\" data-id=\"824f4eb\" data-element_type=\"widget\" data-widget_type=\"sidebar.default\">\n\t\t\t\t<div class=\"elementor-widget-container\">\n\t\t\t\t\t<aside id=\"block-20\" class=\"widget widget_block\"><\/aside><aside id=\"block-45\" class=\"widget widget_block\"><\/aside><aside id=\"text-10\" class=\"pbmit-download-content widget widget_text\">\t\t\t<div class=\"textwidget\"><div class=\"download\">\n<div class=\"item-download\"><a href=\"https:\/\/www.humicchina.com\/wp-content\/uploads\/2025\/05\/JINGFENG-HUMIC-ACID-20250314.pptx\" target=\"_blank\" rel=\"noopener noreferrer\"><span class=\"pbmit-download-content\"><i class=\"pbmit-base-icon-doc-file-format\"><\/i> Product Catalog <\/span><i class=\"pbminfotech-base-icons pbmit-righticon pbmit-base-icon-download\"><\/i><\/a><\/div>\n<\/div>\n<\/div>\n\t\t<\/aside><aside id=\"text-7\" style=\"background-image:url('http:\/\/agrimo-demo.pbminfotech.com\/datasite\/wp-content\/uploads\/sites\/5\/2024\/04\/ads-bg-img.jpg');\" class=\"pbmit-widget-padding widget widget_text\">\t\t\t<div class=\"textwidget\"><div class=\"pbmit-service-ads\">\n<h4 class=\"pbmit-ads-subtitle\">Innovative Solutions<\/h4>\n<div class=\"pbmit-btn\"><a href=\"\/contact-us\"><span class=\"pbmit-button-text\">Send Inquiry now<\/span><i class=\"pbmit-base-icon-black-arrow-1\"><\/i><\/a><\/div>\n<\/div>\n<\/div>\n\t\t<\/aside>\t\t\t\t<\/div>\n\t\t\t\t<\/div>\n\t\t\t\t\t<\/div>\n\t\t<\/div>\n\t\t\t\t<div class=\"elementor-column elementor-col-66 elementor-top-column elementor-element elementor-element-d21d006 pbmit-bg-color-over-image\" data-id=\"d21d006\" data-element_type=\"column\">\n\t\t\t<div class=\"elementor-widget-wrap elementor-element-populated\">\n\t\t\t\t\t\t<div class=\"elementor-element elementor-element-1d57a1e6 elementor-widget elementor-widget-text-editor\" data-id=\"1d57a1e6\" data-element_type=\"widget\" data-widget_type=\"text-editor.default\">\n\t\t\t\t<div class=\"elementor-widget-container\">\n\t\t\t\t\t\t\t\t\t<p><span style=\"font-size: 14px;\">50% Plant source amino acid powder is made of soybean or soybean meal , can be directly applied to crops as fertilizer. This product is totally enzymatic fermentation, no Chloride ion. Also could be applied to animal feed and aquaculture.<\/span><\/p>\n<h2><span style=\"font-size: 14px;\">50% Plant source amino acid Mean Specifications<\/span><\/h2>\n<p><img fetchpriority=\"high\" decoding=\"async\" class=\"alignleft wp-image-7273\" src=\"https:\/\/www.humicchina.com\/wp-content\/uploads\/2019\/11\/30-Animal-Source-Amino-Acid.jpg\" alt=\"\" width=\"400\" height=\"300\" srcset=\"https:\/\/www.humicchina.com\/wp-content\/uploads\/2019\/11\/30-Animal-Source-Amino-Acid.jpg 1920w, https:\/\/www.humicchina.com\/wp-content\/uploads\/2019\/11\/30-Animal-Source-Amino-Acid-300x225.jpg 300w, https:\/\/www.humicchina.com\/wp-content\/uploads\/2019\/11\/30-Animal-Source-Amino-Acid-768x576.jpg 768w\" sizes=\"(max-width: 400px) 100vw, 400px\" \/><\/p>\n<table style=\"table-layout: fixed;\" border=\"1\" width=\"100%\" cellspacing=\"0\" cellpadding=\"2\">\n<tbody>\n<tr>\n<th style=\"text-align: center;\" scope=\"row\"><span style=\"font-size: 14px;\">Specification<\/span><\/th>\n<td style=\"text-align: center;\" colspan=\"2\" rowspan=\"1\"><span style=\"font-size: 14px;\">Standard<\/span><\/td>\n<\/tr>\n<tr>\n<th style=\"text-align: center;\" scope=\"row\"><span style=\"font-size: 14px;\">Name<\/span><\/th>\n<td style=\"text-align: center;\" colspan=\"2\" rowspan=\"1\"><span style=\"font-size: 14px;\">50% Plant source amino acid<\/span><\/td>\n<\/tr>\n<tr>\n<th scope=\"row\"><span style=\"font-size: 14px;\">Appearance<\/span><\/th>\n<td style=\"text-align: center;\" colspan=\"2\" rowspan=\"1\"><span style=\"font-size: 14px;\">Light Yellow Powder<\/span><\/td>\n<\/tr>\n<tr>\n<th scope=\"row\"><span style=\"font-size: 14px;\">Total Amino Acid<\/span><\/th>\n<td style=\"text-align: center;\" colspan=\"2\" rowspan=\"1\"><span style=\"font-size: 14px;\">50% min<\/span><\/td>\n<\/tr>\n<tr>\n<th scope=\"row\"><span style=\"font-size: 14px;\">Moisture<\/span><\/th>\n<td style=\"text-align: center;\" colspan=\"2\" rowspan=\"1\"><span style=\"font-size: 14px;\">5% max<\/span><\/td>\n<\/tr>\n<tr>\n<th colspan=\"1\" scope=\"row\"><span style=\"font-size: 14px;\">Amino Nitrogen<\/span><\/th>\n<td style=\"text-align: center;\" colspan=\"2\" rowspan=\"1\"><span style=\"font-size: 14px;\">8% min<\/span><\/td>\n<\/tr>\n<tr>\n<th colspan=\"1\" scope=\"row\"><span style=\"font-size: 14px;\">Ph<\/span><\/th>\n<td style=\"text-align: center;\" colspan=\"2\" rowspan=\"1\"><span style=\"font-size: 14px;\">4-6<\/span><\/td>\n<\/tr>\n<tr>\n<th scope=\"row\"><span style=\"font-size: 14px;\">Water Solubility<\/span><\/th>\n<td style=\"text-align: center;\" colspan=\"2\" rowspan=\"1\">100%<\/td>\n<\/tr>\n<tr>\n<th scope=\"row\"><span style=\"font-size: 14px;\">Aminogram<\/span><\/th>\n<td style=\"text-align: center;\" colspan=\"2\" rowspan=\"1\"><a href=\"https:\/\/www.humicchina.com\/wp-content\/uploads\/2021\/11\/Aminogram-of-50-plant-source-Amino-Acid-.pdf\" target=\"_blank\" rel=\"noopener\">Aminogram of 50% plant source Amino Acid<\/a><\/td>\n<\/tr>\n<\/tbody>\n<\/table>\n<p><span style=\"font-size: 14px;\">We are supplying other contents of amino acid:\u00a0<\/span><a style=\"font-size: 14px;\" href=\"https:\/\/www.humicchina.com\/30-animal-source-amino-acid\" target=\"_blank\" rel=\"noopener noreferrer\">30% Animal Source Amino Acid<\/a><span style=\"font-size: 14px;\">,<\/span><a style=\"font-size: 14px;\" href=\"https:\/\/www.humicchina.com\/45-animal-source-amino-acid\" target=\"_blank\" rel=\"noopener noreferrer\">45% Animal Source Amino Acid<\/a><span style=\"font-size: 14px;\">,<\/span><a href=\"https:\/\/www.humicchina.com\/70-plant-source-amino-acid\" target=\"_blank\" rel=\"noopener noreferrer\"><span style=\"font-size: 14px;\">70% Plant source amino acid<\/span><\/a><span style=\"font-size: 14px;\">,<\/span><a style=\"font-size: 14px;\" href=\"https:\/\/www.humicchina.com\/80-plant-source-amino-acid\" target=\"_blank\" rel=\"noopener noreferrer\">80% Plant source amino acid<\/a><span style=\"font-size: 14px;\">.<\/span><\/p>\n<h2><span style=\"font-size: 14px;\">50% Plant source amino acid Fertilizer application<\/span><\/h2>\n<h3><span style=\"font-size: 14px;\">a)\u00a0Main function<\/span><\/h3>\n<ol>\n<li><span style=\"font-size: 14px;\">The amino acid is a kind of high quality plant nutrient. Amino acids are essential nutrients for plant growth. Because amino acids are rich in protein, proteins are indispensable nutrients for humans and animals. Without protein, humans and animals cannot grow and develop normally. Therefore, plants can grow normally without amino acids.<\/span><\/li>\n<li><span style=\"font-size: 14px;\">Amino acids promote plant photosynthesis. Due to the nature of the amino acid, it has a unique promoting effect on plant growth, especially photosynthesis, especially glycine, which can increase plant chlorophyll content, increase enzyme activity, promote carbon dioxide penetration, make photosynthesis more vigorous, and improve crop quality.\u00a0Amino acid play an important role\u00a0to increased Vc and sugar content.<\/span><\/li>\n<li><span style=\"font-size: 14px;\">Amino acids are effective biostimulant. Spraying or applying amino acids to plants can increase various nutrients required by\u00a0plants, increase the accumulation of dry matter, regulate the proportion and balance of a large number of elements, trace elements and various nutrients.which play a role in regulating the normal growth of plants.<\/span><\/li>\n<\/ol>\n<h3><span style=\"font-size: 14px;\">b)\u00a0Dosage and application<\/span><\/h3>\n<ol>\n<li><span style=\"font-size: 14px;\">Recommended dosage: base fertilizer, flushing 20-40kg\/665\u33a1, spraying 1-3kg \/665\u33a1<\/span><\/li>\n<li><span style=\"font-size: 14px;\">Mixed with pesticides, mutual effect.<\/span><\/li>\n<li><span style=\"font-size: 14px;\">Spraying effect is better before 10:00\u00a0a.m or after 4:00\u00a0p.m.<\/span><\/li>\n<li><span style=\"font-size: 14px;\">Re-spray\u00a0if there is rain\u00a02\u00a0hours\u00a0after\u00a0the first time spraying.<\/span><\/li>\n<li><span style=\"font-size: 14px;\">Repeated application according to agricultural and nutritional needs during the growing season.<\/span><\/li>\n<\/ol>\n<h3><span style=\"font-size: 14px;\">c)\u00a0Packaging and storage<\/span><\/h3>\n<ol>\n<li>\n<div class=\"msg-content scaleable\">\n<div class=\"msg-text normal-text text-msg-over-hidden\">\n<div class=\"origin-content\">Supply ability : 1000 MT\/month<\/div>\n<\/div>\n<\/div>\n<\/li>\n<li>1kg, 5kgs, 10kgs printing aluminium foil bag + 10kgs, 20kgs printing carton box.<\/li>\n<li>20kgs\/25kg\u00a0woven\/paper bags\u00a0with\u00a0inner liner.<\/li>\n<li>20kgs\/25kg color printing PP\/PE bags with inner liner.<\/li>\n<li>1MT,1.1MT jumbo bags with\u00a0discharge hole.<\/li>\n<li>According\u00a0to\u00a0customer\u2019s requirement.<\/li>\n<\/ol>\n<h2><span style=\"font-size: 14px;\">The main effect of <\/span><span style=\"font-size: 14px;\">50% Plant source amino acid <\/span><span style=\"font-size: 14px;\">feed additive<\/span><\/h2>\n<ol>\n<li><span style=\"font-size: 14px;\">Generally, the content of lysine and methionine in cereals and soybean meal-based plant feeds is low, which can not meet the needs of animals. Adding amino acids can greatly reduce protein dosage, reduce feeding cost, and improve animal production efficiency.<\/span><\/li>\n<li><span style=\"font-size: 14px;\">Adding amino acids can improve the quality of meat. Adding amino acid\u00a0to the animal feed\u00a0can improve meat quality and increase rate of lean meat.<\/span><\/li>\n<li><span style=\"font-size: 14px;\">Adding amino acids can improve the digestive function of animals and reduce environmental pollution.<\/span><\/li>\n<li><span style=\"font-size: 14px;\">Adding amino acids can reduce stress in animals. For example, pigs are stressed to bite its tail due to weaning and overfeeding.<\/span><\/li>\n<\/ol>\n<h2><span style=\"font-size: 14px;\">The main effect <\/span><span style=\"font-size: 14px;\">50% Plant source amino acid <\/span><span style=\"font-size: 14px;\">in aquatic products<\/span><\/h2>\n<h3><span style=\"font-size: 14px;\">a)\u00a0Main function<\/span><\/h3>\n<ol>\n<li><span style=\"font-size: 14px;\">Amino acid provide\u00a0comprehensive nutrients and active substances which is\u00a0for\u00a0the growth of planktonic unicellular algae in water, and cultivating the required yellow-green and brown-brown water quality in a short time.<\/span><\/li>\n<li><span style=\"font-size: 14px;\">This product will take effect within a short period of time after use and is not affected by the weather (low temperature, rainy days), and the water color will last for a long time.<\/span><\/li>\n<li><span style=\"font-size: 14px;\">This product is rich in a variety of amino acids. It can not only maintain good water color, but also enhance the vitality of the aquatic products, beautiful body color and growth rate.<\/span><\/li>\n<\/ol>\n<h3><span style=\"font-size: 14px;\">b)\u00a0Dosage<\/span><\/h3>\n<ul>\n<li><span style=\"font-size: 14px;\">Spilt the whole tank after being dissolved with water, and 0.5kg-0.8kg of the product is used for each 665\u33a1of 1-meter deep water tank.<\/span><\/li>\n<\/ul>\n<h2><span style=\"font-size: 14px;\">Note:<\/span><\/h2>\n<p><span style=\"font-size: 14px;\">This product absorbs moisture and\u00a0agglomerate, which is a normal\u00a0phenomenon and should be stored in a cool and dry place.<\/span><\/p>\n\n<p>\u00a0<\/p>\n\t\t\t\t\t\t\t\t<\/div>\n\t\t\t\t<\/div>\n\t\t\t\t\t<\/div>\n\t\t<\/div>\n\t\t\t\t\t<\/div>\n\t\t<\/section>\n\t\t\t\t<\/div>\n\t\t","protected":false},"excerpt":{"rendered":"<p>JINGFENG HUMIC ACID\u00a0 > Fertilizante de amino\u00e1cidos de origen vegetal al 50% El polvo de amino\u00e1cidos de origen vegetal al 50 % est\u00e1 hecho de soja o harina de soja y se puede aplicar directamente a los cultivos como fertilizante. Este producto se obtiene mediante fermentaci\u00f3n enzim\u00e1tica, sin iones de cloruro. Tambi\u00e9n se puede utilizar [&hellip;]<\/p>\n","protected":false},"author":1,"featured_media":7589,"parent":0,"menu_order":0,"comment_status":"open","ping_status":"closed","template":"","meta":{"footnotes":""},"class_list":["post-7236","page","type-page","status-publish","has-post-thumbnail","hentry"],"yoast_head":"<!-- This site is optimized with the Yoast SEO Premium plugin v26.3 (Yoast SEO v26.3) - https:\/\/yoast.com\/wordpress\/plugins\/seo\/ -->\n<title>50% Plant source amino acid fertilizer<\/title>\n<meta name=\"description\" content=\"50% Plant source amino acid is made of soybean or soybean meal , mainly used as\u00a0fertilizer, also could be used as feed additive and for aquaculture.\" \/>\n<meta name=\"robots\" content=\"index, follow, max-snippet:-1, max-image-preview:large, max-video-preview:-1\" \/>\n<link rel=\"canonical\" href=\"https:\/\/www.humicchina.com\/es\/50-plant-source-amino-acid\" \/>\n<meta property=\"og:locale\" content=\"es_ES\" \/>\n<meta property=\"og:locale:alternate\" content=\"en_US\" \/>\n<meta property=\"og:locale:alternate\" content=\"ja_JP\" \/>\n<meta property=\"og:locale:alternate\" content=\"ko_KR\" \/>\n<meta property=\"og:locale:alternate\" content=\"ar_SA\" \/>\n<meta property=\"og:locale:alternate\" content=\"vi_VN\" \/>\n<meta property=\"og:locale:alternate\" content=\"th_TH\" \/>\n<meta property=\"og:locale:alternate\" content=\"tr_TR\" \/>\n<meta property=\"og:locale:alternate\" content=\"ru_RU\" \/>\n<meta property=\"og:locale:alternate\" content=\"pt_BR\" \/>\n<meta property=\"og:type\" content=\"article\" \/>\n<meta property=\"og:title\" content=\"50% Plant source amino acid fertilizer\" \/>\n<meta property=\"og:description\" content=\"50% Plant source amino acid is made of soybean or soybean meal , mainly used as\u00a0fertilizer, also could be used as feed additive and for aquaculture.\" \/>\n<meta property=\"og:url\" content=\"https:\/\/www.humicchina.com\/es\/50-plant-source-amino-acid\" \/>\n<meta property=\"og:site_name\" content=\"Humic Acid, Seaweed extract, Amino acid Manufacturer\" \/>\n<meta property=\"article:publisher\" content=\"https:\/\/www.facebook.com\/JINGFENGHUMIC\" \/>\n<meta property=\"article:modified_time\" content=\"2025-12-09T14:36:46+00:00\" \/>\n<meta property=\"og:image\" content=\"https:\/\/www.humicchina.com\/wp-content\/uploads\/2019\/11\/1-1ZQ31600140-L-1.png\" \/>\n\t<meta property=\"og:image:width\" content=\"400\" \/>\n\t<meta property=\"og:image:height\" content=\"300\" \/>\n\t<meta property=\"og:image:type\" content=\"image\/png\" \/>\n<meta name=\"twitter:card\" content=\"summary_large_image\" \/>\n<meta name=\"twitter:site\" content=\"@JINGFENG_HUMIC\" \/>\n<meta name=\"twitter:label1\" content=\"Est. reading time\" \/>\n\t<meta name=\"twitter:data1\" content=\"5 minutos\" \/>\n<script type=\"application\/ld+json\" class=\"yoast-schema-graph\">{\"@context\":\"https:\/\/schema.org\",\"@graph\":[{\"@type\":\"WebPage\",\"@id\":\"https:\/\/www.humicchina.com\/50-plant-source-amino-acid\",\"url\":\"https:\/\/www.humicchina.com\/50-plant-source-amino-acid\",\"name\":\"50% Plant source amino acid fertilizer\",\"isPartOf\":{\"@id\":\"https:\/\/www.humicchina.com\/#website\"},\"primaryImageOfPage\":{\"@id\":\"https:\/\/www.humicchina.com\/50-plant-source-amino-acid#primaryimage\"},\"image\":{\"@id\":\"https:\/\/www.humicchina.com\/50-plant-source-amino-acid#primaryimage\"},\"thumbnailUrl\":\"https:\/\/www.humicchina.com\/wp-content\/uploads\/2019\/11\/1-1ZQ31600140-L-1.png\",\"datePublished\":\"2019-11-11T06:01:17+00:00\",\"dateModified\":\"2025-12-09T14:36:46+00:00\",\"description\":\"50% Plant source amino acid is made of soybean or soybean meal , mainly used as\u00a0fertilizer, also could be used as feed additive and for aquaculture.\",\"inLanguage\":\"es-ES\",\"potentialAction\":[{\"@type\":\"ReadAction\",\"target\":[\"https:\/\/www.humicchina.com\/50-plant-source-amino-acid\"]}]},{\"@type\":\"ImageObject\",\"inLanguage\":\"es-ES\",\"@id\":\"https:\/\/www.humicchina.com\/50-plant-source-amino-acid#primaryimage\",\"url\":\"https:\/\/www.humicchina.com\/wp-content\/uploads\/2019\/11\/1-1ZQ31600140-L-1.png\",\"contentUrl\":\"https:\/\/www.humicchina.com\/wp-content\/uploads\/2019\/11\/1-1ZQ31600140-L-1.png\",\"width\":400,\"height\":300},{\"@type\":\"WebSite\",\"@id\":\"https:\/\/www.humicchina.com\/#website\",\"url\":\"https:\/\/www.humicchina.com\/\",\"name\":\"Humic Acid, Seaweed extract, Amino acid Manufacturer\",\"description\":\"\",\"publisher\":{\"@id\":\"https:\/\/www.humicchina.com\/#organization\"},\"potentialAction\":[{\"@type\":\"SearchAction\",\"target\":{\"@type\":\"EntryPoint\",\"urlTemplate\":\"https:\/\/www.humicchina.com\/?s={search_term_string}\"},\"query-input\":{\"@type\":\"PropertyValueSpecification\",\"valueRequired\":true,\"valueName\":\"search_term_string\"}}],\"inLanguage\":\"es-ES\"},{\"@type\":\"Organization\",\"@id\":\"https:\/\/www.humicchina.com\/#organization\",\"name\":\"JINGFENG HUMIC ACID\",\"url\":\"https:\/\/www.humicchina.com\/\",\"logo\":{\"@type\":\"ImageObject\",\"inLanguage\":\"es-ES\",\"@id\":\"https:\/\/www.humicchina.com\/#\/schema\/logo\/image\/\",\"url\":\"https:\/\/www.humicchina.com\/wp-content\/uploads\/2019\/11\/JINGFENG-512-512.png\",\"contentUrl\":\"https:\/\/www.humicchina.com\/wp-content\/uploads\/2019\/11\/JINGFENG-512-512.png\",\"width\":512,\"height\":512,\"caption\":\"JINGFENG HUMIC ACID\"},\"image\":{\"@id\":\"https:\/\/www.humicchina.com\/#\/schema\/logo\/image\/\"},\"sameAs\":[\"https:\/\/www.facebook.com\/JINGFENGHUMIC\",\"https:\/\/x.com\/JINGFENG_HUMIC\"]}]}<\/script>\n<!-- \/ Yoast SEO Premium plugin. -->","yoast_head_json":{"title":"50% Plant source amino acid fertilizer","description":"50% Plant source amino acid is made of soybean or soybean meal , mainly used as\u00a0fertilizer, also could be used as feed additive and for aquaculture.","robots":{"index":"index","follow":"follow","max-snippet":"max-snippet:-1","max-image-preview":"max-image-preview:large","max-video-preview":"max-video-preview:-1"},"canonical":"https:\/\/www.humicchina.com\/es\/50-plant-source-amino-acid","og_locale":"es_ES","og_type":"article","og_title":"[:en]50% Plant source amino acid fertilizer[:ja]50% Plant source amino acid fertilizer[:ko]50% Plant source amino acid fertilizer[:es]50% Plant source amino acid fertilizer[:vi]50% Plant source amino acid fertilizer[:th]50% Plant source amino acid fertilizer[:ru]50% Plant source amino acid fertilizer[:pt]50% Plant source amino acid fertilizer[:]","og_description":"50% Plant source amino acid is made of soybean or soybean meal , mainly used as\u00a0fertilizer, also could be used as feed additive and for aquaculture.","og_url":"https:\/\/www.humicchina.com\/es\/50-plant-source-amino-acid","og_site_name":"Humic Acid, Seaweed extract, Amino acid Manufacturer","article_publisher":"https:\/\/www.facebook.com\/JINGFENGHUMIC","article_modified_time":"2025-12-09T14:36:46+00:00","og_image":[{"width":400,"height":300,"url":"https:\/\/www.humicchina.com\/wp-content\/uploads\/2019\/11\/1-1ZQ31600140-L-1.png","type":"image\/png"}],"twitter_card":"summary_large_image","twitter_site":"@JINGFENG_HUMIC","twitter_misc":{"Est. reading time":"5 minutos"},"schema":{"@context":"https:\/\/schema.org","@graph":[{"@type":"WebPage","@id":"https:\/\/www.humicchina.com\/50-plant-source-amino-acid","url":"https:\/\/www.humicchina.com\/50-plant-source-amino-acid","name":"50% Plant source amino acid fertilizer","isPartOf":{"@id":"https:\/\/www.humicchina.com\/#website"},"primaryImageOfPage":{"@id":"https:\/\/www.humicchina.com\/50-plant-source-amino-acid#primaryimage"},"image":{"@id":"https:\/\/www.humicchina.com\/50-plant-source-amino-acid#primaryimage"},"thumbnailUrl":"https:\/\/www.humicchina.com\/wp-content\/uploads\/2019\/11\/1-1ZQ31600140-L-1.png","datePublished":"2019-11-11T06:01:17+00:00","dateModified":"2025-12-09T14:36:46+00:00","description":"50% Plant source amino acid is made of soybean or soybean meal , mainly used as\u00a0fertilizer, also could be used as feed additive and for aquaculture.","inLanguage":"es-ES","potentialAction":[{"@type":"ReadAction","target":["https:\/\/www.humicchina.com\/50-plant-source-amino-acid"]}]},{"@type":"ImageObject","inLanguage":"es-ES","@id":"https:\/\/www.humicchina.com\/50-plant-source-amino-acid#primaryimage","url":"https:\/\/www.humicchina.com\/wp-content\/uploads\/2019\/11\/1-1ZQ31600140-L-1.png","contentUrl":"https:\/\/www.humicchina.com\/wp-content\/uploads\/2019\/11\/1-1ZQ31600140-L-1.png","width":400,"height":300},{"@type":"WebSite","@id":"https:\/\/www.humicchina.com\/#website","url":"https:\/\/www.humicchina.com\/","name":"Humic Acid, Seaweed extract, Amino acid Manufacturer","description":"","publisher":{"@id":"https:\/\/www.humicchina.com\/#organization"},"potentialAction":[{"@type":"SearchAction","target":{"@type":"EntryPoint","urlTemplate":"https:\/\/www.humicchina.com\/?s={search_term_string}"},"query-input":{"@type":"PropertyValueSpecification","valueRequired":true,"valueName":"search_term_string"}}],"inLanguage":"es-ES"},{"@type":"Organization","@id":"https:\/\/www.humicchina.com\/#organization","name":"JINGFENG HUMIC ACID","url":"https:\/\/www.humicchina.com\/","logo":{"@type":"ImageObject","inLanguage":"es-ES","@id":"https:\/\/www.humicchina.com\/#\/schema\/logo\/image\/","url":"https:\/\/www.humicchina.com\/wp-content\/uploads\/2019\/11\/JINGFENG-512-512.png","contentUrl":"https:\/\/www.humicchina.com\/wp-content\/uploads\/2019\/11\/JINGFENG-512-512.png","width":512,"height":512,"caption":"JINGFENG HUMIC ACID"},"image":{"@id":"https:\/\/www.humicchina.com\/#\/schema\/logo\/image\/"},"sameAs":["https:\/\/www.facebook.com\/JINGFENGHUMIC","https:\/\/x.com\/JINGFENG_HUMIC"]}]}},"_links":{"self":[{"href":"https:\/\/www.humicchina.com\/es\/wp-json\/wp\/v2\/pages\/7236","targetHints":{"allow":["GET"]}}],"collection":[{"href":"https:\/\/www.humicchina.com\/es\/wp-json\/wp\/v2\/pages"}],"about":[{"href":"https:\/\/www.humicchina.com\/es\/wp-json\/wp\/v2\/types\/page"}],"author":[{"embeddable":true,"href":"https:\/\/www.humicchina.com\/es\/wp-json\/wp\/v2\/users\/1"}],"replies":[{"embeddable":true,"href":"https:\/\/www.humicchina.com\/es\/wp-json\/wp\/v2\/comments?post=7236"}],"version-history":[{"count":3,"href":"https:\/\/www.humicchina.com\/es\/wp-json\/wp\/v2\/pages\/7236\/revisions"}],"predecessor-version":[{"id":17868,"href":"https:\/\/www.humicchina.com\/es\/wp-json\/wp\/v2\/pages\/7236\/revisions\/17868"}],"wp:featuredmedia":[{"embeddable":true,"href":"https:\/\/www.humicchina.com\/es\/wp-json\/wp\/v2\/media\/7589"}],"wp:attachment":[{"href":"https:\/\/www.humicchina.com\/es\/wp-json\/wp\/v2\/media?parent=7236"}],"curies":[{"name":"wp","href":"https:\/\/api.w.org\/{rel}","templated":true}]}}