{"id":7239,"date":"2019-11-11T14:02:57","date_gmt":"2019-11-11T06:02:57","guid":{"rendered":"https:\/\/www.humicchina.com\/?page_id=7239"},"modified":"2025-12-30T00:27:51","modified_gmt":"2025-12-29T16:27:51","slug":"70-plant-source-amino-acid","status":"publish","type":"page","link":"https:\/\/www.humicchina.com\/es\/70-plant-source-amino-acid","title":{"rendered":"70% Plant Source Amino Acid Fertilizer Manufacturer"},"content":{"rendered":"\t\t<div data-elementor-type=\"wp-page\" data-elementor-id=\"7239\" class=\"elementor elementor-7239\" data-elementor-post-type=\"page\">\n\t\t\t\t\t\t<section class=\"elementor-section elementor-top-section elementor-element elementor-element-b6d5ced pbmit-col-stretched-none pbmit-bg-color-over-image elementor-section-boxed elementor-section-height-default elementor-section-height-default\" data-id=\"b6d5ced\" data-element_type=\"section\">\n\t\t\t\t\t\t<div class=\"elementor-container elementor-column-gap-default\">\n\t\t\t\t\t<div class=\"elementor-column elementor-col-50 elementor-top-column elementor-element elementor-element-02e019b pbmit-bg-color-over-image\" data-id=\"02e019b\" data-element_type=\"column\">\n\t\t\t<div class=\"elementor-widget-wrap elementor-element-populated\">\n\t\t\t\t\t\t<div class=\"elementor-element elementor-element-c0d02ee elementor-widget elementor-widget-text-editor\" data-id=\"c0d02ee\" data-element_type=\"widget\" data-widget_type=\"text-editor.default\">\n\t\t\t\t<div class=\"elementor-widget-container\">\n\t\t\t\t\t\t\t\t\t<p><a class=\"home\" title=\"Go to JINGFENG HUMIC ACID.\" href=\"https:\/\/www.humicchina.com\/\" rel=\"nofollow\">JINGFENG HUMIC ACID<\/a>\u00a0 &gt; 70% Plant Source Amino Acid Fertilizer Manufacturer<\/p>\t\t\t\t\t\t\t\t<\/div>\n\t\t\t\t<\/div>\n\t\t\t\t\t<\/div>\n\t\t<\/div>\n\t\t\t\t<div class=\"elementor-column elementor-col-50 elementor-top-column elementor-element elementor-element-2f7387d pbmit-bg-color-over-image\" data-id=\"2f7387d\" data-element_type=\"column\">\n\t\t\t<div class=\"elementor-widget-wrap\">\n\t\t\t\t\t\t\t<\/div>\n\t\t<\/div>\n\t\t\t\t\t<\/div>\n\t\t<\/section>\n\t\t\t\t<section class=\"elementor-section elementor-top-section elementor-element elementor-element-4b41486 pbmit-col-stretched-none pbmit-bg-color-over-image elementor-section-boxed elementor-section-height-default elementor-section-height-default\" data-id=\"4b41486\" data-element_type=\"section\">\n\t\t\t\t\t\t<div class=\"elementor-container elementor-column-gap-default\">\n\t\t\t\t\t<div class=\"elementor-column elementor-col-33 elementor-top-column elementor-element elementor-element-5a57266 pbmit-bg-color-over-image\" data-id=\"5a57266\" data-element_type=\"column\">\n\t\t\t<div class=\"elementor-widget-wrap elementor-element-populated\">\n\t\t\t\t\t\t<div class=\"elementor-element elementor-element-3269d93 elementor-widget elementor-widget-sidebar\" data-id=\"3269d93\" data-element_type=\"widget\" data-widget_type=\"sidebar.default\">\n\t\t\t\t<div class=\"elementor-widget-container\">\n\t\t\t\t\t<aside id=\"block-20\" class=\"widget widget_block\"><\/aside><aside id=\"block-45\" class=\"widget widget_block\"><\/aside><aside id=\"text-10\" class=\"pbmit-download-content widget widget_text\">\t\t\t<div class=\"textwidget\"><div class=\"download\">\n<div class=\"item-download\"><a href=\"https:\/\/www.humicchina.com\/wp-content\/uploads\/2025\/05\/JINGFENG-HUMIC-ACID-20250314.pptx\" target=\"_blank\" rel=\"noopener noreferrer\"><span class=\"pbmit-download-content\"><i class=\"pbmit-base-icon-doc-file-format\"><\/i> Product Catalog <\/span><i class=\"pbminfotech-base-icons pbmit-righticon pbmit-base-icon-download\"><\/i><\/a><\/div>\n<\/div>\n<\/div>\n\t\t<\/aside><aside id=\"text-7\" style=\"background-image:url('http:\/\/agrimo-demo.pbminfotech.com\/datasite\/wp-content\/uploads\/sites\/5\/2024\/04\/ads-bg-img.jpg');\" class=\"pbmit-widget-padding widget widget_text\">\t\t\t<div class=\"textwidget\"><div class=\"pbmit-service-ads\">\n<h4 class=\"pbmit-ads-subtitle\">Innovative Solutions<\/h4>\n<div class=\"pbmit-btn\"><a href=\"\/contact-us\"><span class=\"pbmit-button-text\">Send Inquiry now<\/span><i class=\"pbmit-base-icon-black-arrow-1\"><\/i><\/a><\/div>\n<\/div>\n<\/div>\n\t\t<\/aside>\t\t\t\t<\/div>\n\t\t\t\t<\/div>\n\t\t\t\t\t<\/div>\n\t\t<\/div>\n\t\t\t\t<div class=\"elementor-column elementor-col-66 elementor-top-column elementor-element elementor-element-c876545 pbmit-bg-color-over-image\" data-id=\"c876545\" data-element_type=\"column\">\n\t\t\t<div class=\"elementor-widget-wrap elementor-element-populated\">\n\t\t\t\t\t\t<div class=\"elementor-element elementor-element-1b001eaf elementor-widget elementor-widget-text-editor\" data-id=\"1b001eaf\" data-element_type=\"widget\" data-widget_type=\"text-editor.default\">\n\t\t\t\t<div class=\"elementor-widget-container\">\n\t\t\t\t\t\t\t\t\t<p><span style=\"font-size: 14px;\">As amino acid fertilizer manufacturers, 70% Plant source amino acid powder is our high-tech product. It has the characteristics of both organic nitrogen and inorganic nitrogen, is the main raw material of <a href=\"https:\/\/www.humicchina.com\/amino-acid\" target=\"_blank\" rel=\"noopener\">amino acid foliar fertilizer<\/a>, can be directly applied to crops for water flush fertilizer and base fertilizer application. Also could be applied to animal feed and aquaculture. Its raw material is soybean or soybean meal.<\/span><\/p><p>There is no national standard for compound amino acid fertilizer. As the smallest molecule that constitutes protein, it exists in fertilizers and is easily absorbed by crops.<\/p><h2><span style=\"font-size: 14px;\">70% Plant Source Amino Acid Mean Specifications<\/span><\/h2><p><img fetchpriority=\"high\" decoding=\"async\" class=\"alignleft wp-image-7279\" src=\"https:\/\/www.humicchina.com\/wp-content\/uploads\/2019\/11\/70-plant-source-amino-acid.jpg\" alt=\"Amino Acid Fertilizer Manufacturers\" width=\"400\" height=\"300\" srcset=\"https:\/\/www.humicchina.com\/wp-content\/uploads\/2019\/11\/70-plant-source-amino-acid.jpg 1920w, https:\/\/www.humicchina.com\/wp-content\/uploads\/2019\/11\/70-plant-source-amino-acid-300x225.jpg 300w, https:\/\/www.humicchina.com\/wp-content\/uploads\/2019\/11\/70-plant-source-amino-acid-768x576.jpg 768w\" sizes=\"(max-width: 400px) 100vw, 400px\" \/><\/p><table style=\"table-layout: fixed;\" border=\"1\" width=\"100%\" cellspacing=\"0\" cellpadding=\"2\"><tbody><tr><th scope=\"row\"><span style=\"font-size: 14px;\">Brand\u00a0<\/span><\/th><td style=\"text-align: center;\" colspan=\"2\" rowspan=\"1\"><span style=\"font-size: 14px;\">JINGFENG<\/span><\/td><\/tr><tr><th scope=\"row\"><span style=\"font-size: 14px;\">Name<\/span><\/th><td style=\"text-align: center;\" colspan=\"2\" rowspan=\"1\"><span style=\"font-size: 14px;\">70% Plant source amino acid<\/span><\/td><\/tr><tr><th scope=\"row\"><span style=\"font-size: 14px;\">Service<\/span><\/th><td style=\"text-align: center;\" colspan=\"2\"><span style=\"font-size: 14px;\">Custom package, OEM product<\/span><\/td><\/tr><tr><th scope=\"row\"><span style=\"font-size: 14px;\">Appearance<\/span><\/th><td style=\"text-align: center;\" colspan=\"2\" rowspan=\"1\"><span style=\"font-size: 14px;\">Light Yellow Powder<\/span><\/td><\/tr><tr><th scope=\"row\"><span style=\"font-size: 14px;\">Total Amino Acid<\/span><\/th><td style=\"text-align: center;\" colspan=\"2\" rowspan=\"1\"><span style=\"font-size: 14px;\">70% min<\/span><\/td><\/tr><tr><th scope=\"row\"><span style=\"font-size: 14px;\">Moisture<\/span><\/th><td style=\"text-align: center;\" colspan=\"2\" rowspan=\"1\"><span style=\"font-size: 14px;\">5% max<\/span><\/td><\/tr><tr><th colspan=\"1\" scope=\"row\"><span style=\"font-size: 14px;\">Amino Nitrogen<\/span><\/th><td style=\"text-align: center;\" colspan=\"2\" rowspan=\"1\"><span style=\"font-size: 14px;\">12% min<\/span><\/td><\/tr><tr><th colspan=\"1\" scope=\"row\"><span style=\"font-size: 14px;\">PH<\/span><\/th><td style=\"text-align: center;\" colspan=\"2\" rowspan=\"1\"><span style=\"font-size: 14px;\">5-7<\/span><\/td><\/tr><tr><th scope=\"row\"><span style=\"font-size: 14px;\">Water Solubility<\/span><\/th><td style=\"text-align: center;\" colspan=\"2\" rowspan=\"1\"><span style=\"font-size: 14px;\">100%<\/span><\/td><\/tr><\/tbody><\/table><p><span style=\"font-size: 14px;\">We are supplying other contents of amino acid:\u00a0<a href=\"https:\/\/www.humicchina.com\/30-animal-source-amino-acid\" target=\"_blank\" rel=\"noopener noreferrer\">30% Animal Source Amino Acid<\/a>,<a href=\"https:\/\/www.humicchina.com\/45-animal-source-amino-acid\" target=\"_blank\" rel=\"noopener noreferrer\">45% Animal Source Amino Acid<\/a>,<a href=\"https:\/\/www.humicchina.com\/50-plant-source-amino-acid\" target=\"_blank\" rel=\"noopener noreferrer\">50% Plant source amino acid<\/a>,<a href=\"https:\/\/www.humicchina.com\/80-plant-source-amino-acid\" target=\"_blank\" rel=\"noopener noreferrer\">80% Plant source amino acid<\/a>.<\/span><\/p><h2><span style=\"font-size: 14px;\">70% Plant Source Amino Acid<\/span><span style=\"font-size: 14px;\">\u00a0Fertilizer application<\/span><\/h2><h3><span style=\"font-size: 14px;\">a)\u00a0Main function<\/span><\/h3><ol><li><span style=\"font-size: 14px;\">Improve the quality of the soil ,help the soil to create crumb structure ,keep the water &amp; nutrients in the soil<\/span><\/li><li><span style=\"font-size: 14px;\">Enhance the utilization of N,P,K,also can chelate with Trace Element, Balance the \u00a0Crops &#8216; nutrients<\/span><\/li><li><span style=\"font-size: 14px;\">Enhance crops anti-stress capability like drought &amp; cold resistance<\/span><\/li><li><span style=\"font-size: 14px;\">Improve Quality of the fruit like watermelon,Hamimelon,sugarcane,sugarbeet ,etc&#8230;<\/span><\/li><li><span style=\"font-size: 14px;\">Promote roots growth<\/span><\/li><li><span style=\"font-size: 14px;\">Increase 20~30% yield<\/span><\/li><li><span style=\"font-size: 14px;\">Adjust PH value.<\/span><\/li><li><span style=\"font-size: 14px;\">Degrade harmful substance in the soil<\/span><\/li><\/ol><h3><span style=\"font-size: 14px;\">b)\u00a0Dosage and application<\/span><\/h3><p>Amino acid fertilizers are used in a wide range, from food crops (rice, wheat, corn) to oil crops (canola, soybeans, peanuts), as well as cash crops (cotton, tea, tobacco, mulberry), fruits (apples, pears, oranges, oranges, lychees, longans, peaches, plums, apricots, grapes), vegetables (cucumbers, greens, lentils), etc., have different degrees of promoting effect on almost all crops.<\/p><ol><li><span style=\"font-size: 14px;\">Recommended dosage: base fertilizer, flushing 20-40kg\/665\u33a1, spraying 1-3kg \/665\u33a1<\/span><\/li><li><span style=\"font-size: 14px;\">Mixed with pesticides, mutual effect.<\/span><\/li><li><span style=\"font-size: 14px;\">Spraying effect is better before 10:00\u00a0a.m or after 4:00\u00a0p.m.<\/span><\/li><li><span style=\"font-size: 14px;\">Re-spray\u00a0if there is rain\u00a02\u00a0hours\u00a0after\u00a0the first time spraying.<\/span><\/li><li><span style=\"font-size: 14px;\">Repeated application according to agricultural and nutritional needs during the growing season.<\/span><\/li><\/ol><h3><span style=\"font-size: 14px;\">c)\u00a0Packaging and storage<\/span><\/h3><ol><li><div class=\"msg-content scaleable\"><div class=\"msg-text normal-text text-msg-over-hidden\"><div class=\"origin-content\">Supply ability : 1000 MT\/month<\/div><\/div><\/div><\/li><li>1kg, 5kgs, 10kgs printing aluminium foil bag + 10kgs, 20kgs printing carton box.<\/li><li>20kgs\/25kg\u00a0woven\/paper bags\u00a0with\u00a0inner liner.<\/li><li>20kgs\/25kg color printing PP\/PE bags with inner liner.<\/li><li>1MT,1.1MT jumbo bags with\u00a0discharge hole.<\/li><li>According\u00a0to\u00a0customer\u2019s requirement.<\/li><\/ol><h2><span style=\"font-size: 14px;\">The main effect of <\/span><span style=\"font-size: 14px;\">70% Plant Source Amino Acid<\/span><span style=\"font-size: 14px;\"> Feed Additive<\/span><\/h2><ol><li><span style=\"font-size: 14px;\">The growth period of laying hens and cows can be extended for 1-2 months, and pigs can be released 10 days in advance.<\/span><\/li><li><span style=\"font-size: 14px;\">containing aroma and umami of hydrolyzed protein, better palatability\u00a0for animals.<\/span><\/li><li><span style=\"font-size: 14px;\">Improve fertilization rate, hatching rate, litter size and survival rate.<\/span><\/li><li><span style=\"font-size: 14px;\">Significantly reduce the\u00a0phenomenon\u00a0of\u00a0laying hens licking feather and licking anal.<\/span><\/li><li><span style=\"font-size: 14px;\">Can\u00a0prevent or reduce chicken diarrhea, egg color is good-looking, egg weight increases, pig hair is bright, somnolence and does not move.<\/span><\/li><\/ol><h2><span style=\"font-size: 14px;\">The main effect of <\/span><span style=\"font-size: 14px;\">70% Plant Source Amino Acid <\/span><span style=\"font-size: 14px;\">in aquatic products<\/span><\/h2><h3><span style=\"font-size: 14px;\">a)\u00a0Main function<\/span><\/h3><ol><li><span style=\"font-size: 14px;\">Amino acids contain free amino acids, NPK, organic matter, and are high-quality nutrients for zooplankton and algae. Indirectly improve water quality and improve fish disease resistance.<\/span><\/li><li><span style=\"font-size: 14px;\">Amino acid can be used as fertilizer, and the fertilizer effect is stable and long. It can reduce ammonia nitrogen and nitrite formation, also\u00a0can reduce the amount of chemical fertilizer.<\/span><\/li><li><span style=\"font-size: 14px;\">It can improve photosynthesis efficiency and increase dissolved oxygen in water.<\/span><\/li><li><span style=\"font-size: 14px;\">In alkaline water quality, amino acids can regulate water quality.<\/span><\/li><li><span style=\"font-size: 14px;\">The dosage is small, won\u2019t form the bottom\u00a0soil\u00a0of the pool to compaction,\u00a0improve the breeding environment.<\/span><\/li><li><span style=\"font-size: 14px;\">Significantly increase the number of zooplankton and increase the yield of aquatic products.<\/span><\/li><\/ol><h3><span style=\"font-size: 14px;\">b) Dosage<\/span><\/h3><ul><li><span style=\"font-size: 14px;\">Spilt the whole tank after being dissolved with water, and 0.5kg-0.8kg of the product is used for each 665\u33a1of 1-meter deep water tank.<\/span><\/li><\/ul><h2><span style=\"font-size: 14px;\">Suggestions to manufacturers of soluble fertilizer contain Amino Acid:<\/span><\/h2><ul><li><span style=\"font-size: 14px;\">This product absorbs moisture and\u00a0agglomerate, which is a normal\u00a0phenomenon and should be stored in a cool and dry place.<\/span><\/li><\/ul>\t\t\t\t\t\t\t\t<\/div>\n\t\t\t\t<\/div>\n\t\t\t\t\t<\/div>\n\t\t<\/div>\n\t\t\t\t\t<\/div>\n\t\t<\/section>\n\t\t\t\t<\/div>\n\t\t","protected":false},"excerpt":{"rendered":"<p>JINGFENG HUMIC ACID\u00a0 > Fabricante de fertilizantes con amino\u00e1cidos de origen vegetal al 70 % Como fabricantes de fertilizantes de amino\u00e1cidos, nuestro producto de alta tecnolog\u00eda es el polvo de amino\u00e1cidos de origen vegetal al 70 %. Posee las caracter\u00edsticas tanto del nitr\u00f3geno org\u00e1nico como del inorg\u00e1nico y es la principal materia prima.f amino acid [&hellip;]<\/p>\n","protected":false},"author":1,"featured_media":7279,"parent":0,"menu_order":0,"comment_status":"open","ping_status":"closed","template":"","meta":{"footnotes":""},"class_list":["post-7239","page","type-page","status-publish","has-post-thumbnail","hentry"],"yoast_head":"<!-- This site is optimized with the Yoast SEO Premium plugin v26.3 (Yoast SEO v26.3) - https:\/\/yoast.com\/wordpress\/plugins\/seo\/ -->\n<title>70% Plant Source Amino Acid Fertilizer Manufacturers - JINGFENG<\/title>\n<meta name=\"description\" content=\"JingFeng is leading amino acid fertilizer manufacturers which is made with 70% plant source and functions of organic and inorganic nitrogen can be directly applied to crops.\" \/>\n<meta name=\"robots\" content=\"index, follow, max-snippet:-1, max-image-preview:large, max-video-preview:-1\" \/>\n<link rel=\"canonical\" href=\"https:\/\/www.humicchina.com\/es\/70-plant-source-amino-acid\" \/>\n<meta property=\"og:locale\" content=\"es_ES\" \/>\n<meta property=\"og:locale:alternate\" content=\"en_US\" \/>\n<meta property=\"og:locale:alternate\" content=\"ja_JP\" \/>\n<meta property=\"og:locale:alternate\" content=\"ko_KR\" \/>\n<meta property=\"og:locale:alternate\" content=\"ar_SA\" \/>\n<meta property=\"og:locale:alternate\" content=\"vi_VN\" \/>\n<meta property=\"og:locale:alternate\" content=\"th_TH\" \/>\n<meta property=\"og:locale:alternate\" content=\"tr_TR\" \/>\n<meta property=\"og:locale:alternate\" content=\"ru_RU\" \/>\n<meta property=\"og:locale:alternate\" content=\"pt_BR\" \/>\n<meta property=\"og:type\" content=\"article\" \/>\n<meta property=\"og:title\" content=\"70% Plant Source Amino Acid Fertilizer Manufacturer\" \/>\n<meta property=\"og:description\" content=\"JingFeng is leading amino acid fertilizer manufacturers which is made with 70% plant source and functions of organic and inorganic nitrogen can be directly applied to crops.\" \/>\n<meta property=\"og:url\" content=\"https:\/\/www.humicchina.com\/es\/70-plant-source-amino-acid\" \/>\n<meta property=\"og:site_name\" content=\"Humic Acid, Seaweed extract, Amino acid Manufacturer\" \/>\n<meta property=\"article:publisher\" content=\"https:\/\/www.facebook.com\/JINGFENGHUMIC\" \/>\n<meta property=\"article:modified_time\" content=\"2025-12-29T16:27:51+00:00\" \/>\n<meta property=\"og:image\" content=\"https:\/\/www.humicchina.com\/wp-content\/uploads\/2019\/11\/70-plant-source-amino-acid.jpg\" \/>\n\t<meta property=\"og:image:width\" content=\"1920\" \/>\n\t<meta property=\"og:image:height\" content=\"1440\" \/>\n\t<meta property=\"og:image:type\" content=\"image\/jpeg\" \/>\n<meta name=\"twitter:card\" content=\"summary_large_image\" \/>\n<meta name=\"twitter:site\" content=\"@JINGFENG_HUMIC\" \/>\n<meta name=\"twitter:label1\" content=\"Est. reading time\" \/>\n\t<meta name=\"twitter:data1\" content=\"5 minutos\" \/>\n<script type=\"application\/ld+json\" class=\"yoast-schema-graph\">{\"@context\":\"https:\/\/schema.org\",\"@graph\":[{\"@type\":\"WebPage\",\"@id\":\"https:\/\/www.humicchina.com\/70-plant-source-amino-acid\",\"url\":\"https:\/\/www.humicchina.com\/70-plant-source-amino-acid\",\"name\":\"70% Plant Source Amino Acid Fertilizer Manufacturers - JINGFENG\",\"isPartOf\":{\"@id\":\"https:\/\/www.humicchina.com\/#website\"},\"primaryImageOfPage\":{\"@id\":\"https:\/\/www.humicchina.com\/70-plant-source-amino-acid#primaryimage\"},\"image\":{\"@id\":\"https:\/\/www.humicchina.com\/70-plant-source-amino-acid#primaryimage\"},\"thumbnailUrl\":\"https:\/\/www.humicchina.com\/wp-content\/uploads\/2019\/11\/70-plant-source-amino-acid.jpg\",\"datePublished\":\"2019-11-11T06:02:57+00:00\",\"dateModified\":\"2025-12-29T16:27:51+00:00\",\"description\":\"JingFeng is leading amino acid fertilizer manufacturers which is made with 70% plant source and functions of organic and inorganic nitrogen can be directly applied to crops.\",\"inLanguage\":\"es-ES\",\"potentialAction\":[{\"@type\":\"ReadAction\",\"target\":[\"https:\/\/www.humicchina.com\/70-plant-source-amino-acid\"]}]},{\"@type\":\"ImageObject\",\"inLanguage\":\"es-ES\",\"@id\":\"https:\/\/www.humicchina.com\/70-plant-source-amino-acid#primaryimage\",\"url\":\"https:\/\/www.humicchina.com\/wp-content\/uploads\/2019\/11\/70-plant-source-amino-acid.jpg\",\"contentUrl\":\"https:\/\/www.humicchina.com\/wp-content\/uploads\/2019\/11\/70-plant-source-amino-acid.jpg\",\"width\":1920,\"height\":1440},{\"@type\":\"WebSite\",\"@id\":\"https:\/\/www.humicchina.com\/#website\",\"url\":\"https:\/\/www.humicchina.com\/\",\"name\":\"Humic Acid, Seaweed extract, Amino acid Manufacturer\",\"description\":\"\",\"publisher\":{\"@id\":\"https:\/\/www.humicchina.com\/#organization\"},\"potentialAction\":[{\"@type\":\"SearchAction\",\"target\":{\"@type\":\"EntryPoint\",\"urlTemplate\":\"https:\/\/www.humicchina.com\/?s={search_term_string}\"},\"query-input\":{\"@type\":\"PropertyValueSpecification\",\"valueRequired\":true,\"valueName\":\"search_term_string\"}}],\"inLanguage\":\"es-ES\"},{\"@type\":\"Organization\",\"@id\":\"https:\/\/www.humicchina.com\/#organization\",\"name\":\"JINGFENG HUMIC ACID\",\"url\":\"https:\/\/www.humicchina.com\/\",\"logo\":{\"@type\":\"ImageObject\",\"inLanguage\":\"es-ES\",\"@id\":\"https:\/\/www.humicchina.com\/#\/schema\/logo\/image\/\",\"url\":\"https:\/\/www.humicchina.com\/wp-content\/uploads\/2019\/11\/JINGFENG-512-512.png\",\"contentUrl\":\"https:\/\/www.humicchina.com\/wp-content\/uploads\/2019\/11\/JINGFENG-512-512.png\",\"width\":512,\"height\":512,\"caption\":\"JINGFENG HUMIC ACID\"},\"image\":{\"@id\":\"https:\/\/www.humicchina.com\/#\/schema\/logo\/image\/\"},\"sameAs\":[\"https:\/\/www.facebook.com\/JINGFENGHUMIC\",\"https:\/\/x.com\/JINGFENG_HUMIC\"]}]}<\/script>\n<!-- \/ Yoast SEO Premium plugin. -->","yoast_head_json":{"title":"70% Plant Source Amino Acid Fertilizer Manufacturers - JINGFENG","description":"JingFeng is leading amino acid fertilizer manufacturers which is made with 70% plant source and functions of organic and inorganic nitrogen can be directly applied to crops.","robots":{"index":"index","follow":"follow","max-snippet":"max-snippet:-1","max-image-preview":"max-image-preview:large","max-video-preview":"max-video-preview:-1"},"canonical":"https:\/\/www.humicchina.com\/es\/70-plant-source-amino-acid","og_locale":"es_ES","og_type":"article","og_title":"[:en]70% Plant Source Amino Acid Fertilizer Manufacturer[:ja]70% Plant Source Amino Acid Fertilizer Manufacturer[:ko]70% Plant Source Amino Acid Fertilizer Manufacturer[:es]70% Plant Source Amino Acid Fertilizer Manufacturer[:vi]70% Plant Source Amino Acid Fertilizer Manufacturer[:th]70% Plant Source Amino Acid Fertilizer Manufacturer[:ru]70% Plant Source Amino Acid Fertilizer Manufacturer[:pt]70% Plant Source Amino Acid Fertilizer Manufacturer[:]","og_description":"JingFeng is leading amino acid fertilizer manufacturers which is made with 70% plant source and functions of organic and inorganic nitrogen can be directly applied to crops.","og_url":"https:\/\/www.humicchina.com\/es\/70-plant-source-amino-acid","og_site_name":"Humic Acid, Seaweed extract, Amino acid Manufacturer","article_publisher":"https:\/\/www.facebook.com\/JINGFENGHUMIC","article_modified_time":"2025-12-29T16:27:51+00:00","og_image":[{"width":1920,"height":1440,"url":"https:\/\/www.humicchina.com\/wp-content\/uploads\/2019\/11\/70-plant-source-amino-acid.jpg","type":"image\/jpeg"}],"twitter_card":"summary_large_image","twitter_site":"@JINGFENG_HUMIC","twitter_misc":{"Est. reading time":"5 minutos"},"schema":{"@context":"https:\/\/schema.org","@graph":[{"@type":"WebPage","@id":"https:\/\/www.humicchina.com\/70-plant-source-amino-acid","url":"https:\/\/www.humicchina.com\/70-plant-source-amino-acid","name":"70% Plant Source Amino Acid Fertilizer Manufacturers - JINGFENG","isPartOf":{"@id":"https:\/\/www.humicchina.com\/#website"},"primaryImageOfPage":{"@id":"https:\/\/www.humicchina.com\/70-plant-source-amino-acid#primaryimage"},"image":{"@id":"https:\/\/www.humicchina.com\/70-plant-source-amino-acid#primaryimage"},"thumbnailUrl":"https:\/\/www.humicchina.com\/wp-content\/uploads\/2019\/11\/70-plant-source-amino-acid.jpg","datePublished":"2019-11-11T06:02:57+00:00","dateModified":"2025-12-29T16:27:51+00:00","description":"JingFeng is leading amino acid fertilizer manufacturers which is made with 70% plant source and functions of organic and inorganic nitrogen can be directly applied to crops.","inLanguage":"es-ES","potentialAction":[{"@type":"ReadAction","target":["https:\/\/www.humicchina.com\/70-plant-source-amino-acid"]}]},{"@type":"ImageObject","inLanguage":"es-ES","@id":"https:\/\/www.humicchina.com\/70-plant-source-amino-acid#primaryimage","url":"https:\/\/www.humicchina.com\/wp-content\/uploads\/2019\/11\/70-plant-source-amino-acid.jpg","contentUrl":"https:\/\/www.humicchina.com\/wp-content\/uploads\/2019\/11\/70-plant-source-amino-acid.jpg","width":1920,"height":1440},{"@type":"WebSite","@id":"https:\/\/www.humicchina.com\/#website","url":"https:\/\/www.humicchina.com\/","name":"Humic Acid, Seaweed extract, Amino acid Manufacturer","description":"","publisher":{"@id":"https:\/\/www.humicchina.com\/#organization"},"potentialAction":[{"@type":"SearchAction","target":{"@type":"EntryPoint","urlTemplate":"https:\/\/www.humicchina.com\/?s={search_term_string}"},"query-input":{"@type":"PropertyValueSpecification","valueRequired":true,"valueName":"search_term_string"}}],"inLanguage":"es-ES"},{"@type":"Organization","@id":"https:\/\/www.humicchina.com\/#organization","name":"JINGFENG HUMIC ACID","url":"https:\/\/www.humicchina.com\/","logo":{"@type":"ImageObject","inLanguage":"es-ES","@id":"https:\/\/www.humicchina.com\/#\/schema\/logo\/image\/","url":"https:\/\/www.humicchina.com\/wp-content\/uploads\/2019\/11\/JINGFENG-512-512.png","contentUrl":"https:\/\/www.humicchina.com\/wp-content\/uploads\/2019\/11\/JINGFENG-512-512.png","width":512,"height":512,"caption":"JINGFENG HUMIC ACID"},"image":{"@id":"https:\/\/www.humicchina.com\/#\/schema\/logo\/image\/"},"sameAs":["https:\/\/www.facebook.com\/JINGFENGHUMIC","https:\/\/x.com\/JINGFENG_HUMIC"]}]}},"_links":{"self":[{"href":"https:\/\/www.humicchina.com\/es\/wp-json\/wp\/v2\/pages\/7239","targetHints":{"allow":["GET"]}}],"collection":[{"href":"https:\/\/www.humicchina.com\/es\/wp-json\/wp\/v2\/pages"}],"about":[{"href":"https:\/\/www.humicchina.com\/es\/wp-json\/wp\/v2\/types\/page"}],"author":[{"embeddable":true,"href":"https:\/\/www.humicchina.com\/es\/wp-json\/wp\/v2\/users\/1"}],"replies":[{"embeddable":true,"href":"https:\/\/www.humicchina.com\/es\/wp-json\/wp\/v2\/comments?post=7239"}],"version-history":[{"count":3,"href":"https:\/\/www.humicchina.com\/es\/wp-json\/wp\/v2\/pages\/7239\/revisions"}],"predecessor-version":[{"id":18873,"href":"https:\/\/www.humicchina.com\/es\/wp-json\/wp\/v2\/pages\/7239\/revisions\/18873"}],"wp:featuredmedia":[{"embeddable":true,"href":"https:\/\/www.humicchina.com\/es\/wp-json\/wp\/v2\/media\/7279"}],"wp:attachment":[{"href":"https:\/\/www.humicchina.com\/es\/wp-json\/wp\/v2\/media?parent=7239"}],"curies":[{"name":"wp","href":"https:\/\/api.w.org\/{rel}","templated":true}]}}