{"id":7172,"date":"2019-11-11T11:51:25","date_gmt":"2019-11-11T03:51:25","guid":{"rendered":"https:\/\/www.humicchina.com\/?page_id=7172"},"modified":"2025-12-09T19:34:42","modified_gmt":"2025-12-09T11:34:42","slug":"15-sodium-fulvate-flake","status":"publish","type":"page","link":"https:\/\/www.humicchina.com\/pt\/15-sodium-fulvate-flake","title":{"rendered":"15% Sodium fulvate flake"},"content":{"rendered":"\t\t<div data-elementor-type=\"wp-page\" data-elementor-id=\"7172\" class=\"elementor elementor-7172\" data-elementor-post-type=\"page\">\n\t\t\t\t\t\t<section class=\"elementor-section elementor-top-section elementor-element elementor-element-6a04fe8 pbmit-col-stretched-none pbmit-bg-color-over-image elementor-section-boxed elementor-section-height-default elementor-section-height-default\" data-id=\"6a04fe8\" data-element_type=\"section\">\n\t\t\t\t\t\t<div class=\"elementor-container elementor-column-gap-default\">\n\t\t\t\t\t<div class=\"elementor-column elementor-col-50 elementor-top-column elementor-element elementor-element-e19892c pbmit-bg-color-over-image\" data-id=\"e19892c\" data-element_type=\"column\">\n\t\t\t<div class=\"elementor-widget-wrap elementor-element-populated\">\n\t\t\t\t\t\t<div class=\"elementor-element elementor-element-8d253a0 elementor-widget elementor-widget-text-editor\" data-id=\"8d253a0\" data-element_type=\"widget\" data-widget_type=\"text-editor.default\">\n\t\t\t\t<div class=\"elementor-widget-container\">\n\t\t\t\t\t\t\t\t\t<p><a class=\"home\" title=\"Go to JINGFENG HUMIC ACID.\" href=\"https:\/\/www.humicchina.com\/\" rel=\"nofollow\">JINGFENG HUMIC ACID<\/a>\u00a0 &gt; 15% Sodium fulvate flake<\/p>\t\t\t\t\t\t\t\t<\/div>\n\t\t\t\t<\/div>\n\t\t\t\t\t<\/div>\n\t\t<\/div>\n\t\t\t\t<div class=\"elementor-column elementor-col-50 elementor-top-column elementor-element elementor-element-bcab61a pbmit-bg-color-over-image\" data-id=\"bcab61a\" data-element_type=\"column\">\n\t\t\t<div class=\"elementor-widget-wrap\">\n\t\t\t\t\t\t\t<\/div>\n\t\t<\/div>\n\t\t\t\t\t<\/div>\n\t\t<\/section>\n\t\t\t\t<section class=\"elementor-section elementor-top-section elementor-element elementor-element-a5f6fef pbmit-col-stretched-none pbmit-bg-color-over-image elementor-section-boxed elementor-section-height-default elementor-section-height-default\" data-id=\"a5f6fef\" data-element_type=\"section\">\n\t\t\t\t\t\t<div class=\"elementor-container elementor-column-gap-default\">\n\t\t\t\t\t<div class=\"elementor-column elementor-col-33 elementor-top-column elementor-element elementor-element-006d0f5 pbmit-bg-color-over-image\" data-id=\"006d0f5\" data-element_type=\"column\">\n\t\t\t<div class=\"elementor-widget-wrap elementor-element-populated\">\n\t\t\t\t\t\t<div class=\"elementor-element elementor-element-220bab5 elementor-widget elementor-widget-sidebar\" data-id=\"220bab5\" data-element_type=\"widget\" data-widget_type=\"sidebar.default\">\n\t\t\t\t<div class=\"elementor-widget-container\">\n\t\t\t\t\t<aside id=\"block-20\" class=\"widget widget_block\"><\/aside><aside id=\"block-45\" class=\"widget widget_block\"><\/aside><aside id=\"text-10\" class=\"pbmit-download-content widget widget_text\">\t\t\t<div class=\"textwidget\"><div class=\"download\">\n<div class=\"item-download\"><a href=\"https:\/\/www.humicchina.com\/wp-content\/uploads\/2025\/05\/JINGFENG-HUMIC-ACID-20250314.pptx\" target=\"_blank\" rel=\"noopener noreferrer\"><span class=\"pbmit-download-content\"><i class=\"pbmit-base-icon-doc-file-format\"><\/i> Product Catalog <\/span><i class=\"pbminfotech-base-icons pbmit-righticon pbmit-base-icon-download\"><\/i><\/a><\/div>\n<\/div>\n<\/div>\n\t\t<\/aside><aside id=\"text-7\" style=\"background-image:url('http:\/\/agrimo-demo.pbminfotech.com\/datasite\/wp-content\/uploads\/sites\/5\/2024\/04\/ads-bg-img.jpg');\" class=\"pbmit-widget-padding widget widget_text\">\t\t\t<div class=\"textwidget\"><div class=\"pbmit-service-ads\">\n<h4 class=\"pbmit-ads-subtitle\">Innovative Solutions<\/h4>\n<div class=\"pbmit-btn\"><a href=\"\/contact-us\"><span class=\"pbmit-button-text\">Send Inquiry now<\/span><i class=\"pbmit-base-icon-black-arrow-1\"><\/i><\/a><\/div>\n<\/div>\n<\/div>\n\t\t<\/aside>\t\t\t\t<\/div>\n\t\t\t\t<\/div>\n\t\t\t\t\t<\/div>\n\t\t<\/div>\n\t\t\t\t<div class=\"elementor-column elementor-col-66 elementor-top-column elementor-element elementor-element-aed7f74 pbmit-bg-color-over-image\" data-id=\"aed7f74\" data-element_type=\"column\">\n\t\t\t<div class=\"elementor-widget-wrap elementor-element-populated\">\n\t\t\t\t\t\t<div class=\"elementor-element elementor-element-3c6f89d7 elementor-widget elementor-widget-text-editor\" data-id=\"3c6f89d7\" data-element_type=\"widget\" data-widget_type=\"text-editor.default\">\n\t\t\t\t<div class=\"elementor-widget-container\">\n\t\t\t\t\t\t\t\t\t<p><span style=\"font-size: 14px;\">Sodium fulvate flake is made from high activity lignite or brown coal. Has high resistance to hard water, anti-flocculation ability. It\u2019s mainly used for animal feeding and aquaculture. As there is fulvic acid salt inside the product, so people in the market also call it humic fulvic, and this product has better performance than sodium humate.<\/span><\/p><h2><span style=\"font-size: 14pt;\">15% Sodium Fulvate Flake Main Specification<\/span><\/h2><table style=\"table-layout: fixed;\" border=\"1\" width=\"100%\" cellspacing=\"0\" cellpadding=\"2\"><tbody><tr><td style=\"text-align: center;\"><span style=\"font-size: 14px; font-weight: bold;\">Product name<\/span><\/td><th style=\"text-align: center;\" colspan=\"2\" rowspan=\"1\" scope=\"row\"><span style=\"font-size: 14px;\">Sodium fulvate<\/span><\/th><\/tr><tr><td style=\"text-align: center;\"><span style=\"font-size: 14px;\">\u00a0Appearance<\/span><\/td><td style=\"text-align: center;\" colspan=\"2\" rowspan=\"1\"><span style=\"font-size: 14px;\">Black Flake<\/span><\/td><\/tr><tr><td style=\"text-align: center;\"><span style=\"font-size: 14px;\">\u00a0Product\u00a0code<\/span><\/td><td style=\"text-align: center;\" colspan=\"2\" rowspan=\"1\"><span style=\"font-size: 14px;\">JFHA-NaFA<\/span><\/td><\/tr><tr><td style=\"text-align: center;\" colspan=\"1\" rowspan=\"6\"><a href=\"https:\/\/www.humicchina.com\/12-seaweed-extract\/1-1zq4150621524\" rel=\"attachment wp-att-7475\"><img fetchpriority=\"high\" decoding=\"async\" class=\"alignright wp-image-7475\" src=\"https:\/\/www.humicchina.com\/wp-content\/uploads\/2019\/11\/1-1ZQ4150621524-300x225.png\" alt=\"sodium fulvate,sodium humate with fulvic acid\" width=\"350\" height=\"263\" srcset=\"https:\/\/www.humicchina.com\/wp-content\/uploads\/2019\/11\/1-1ZQ4150621524-300x225.png 300w, https:\/\/www.humicchina.com\/wp-content\/uploads\/2019\/11\/1-1ZQ4150621524.png 600w\" sizes=\"(max-width: 350px) 100vw, 350px\" \/><\/a><\/td><td style=\"text-align: center;\"><span style=\"font-size: 14px;\">\u00a0Water solubility<\/span><\/td><td style=\"text-align: center;\"><span style=\"font-size: 14px;\">100%<\/span><\/td><\/tr><tr><td style=\"text-align: center;\"><span style=\"font-size: 14px;\">\u00a0Humic\u00a0Acid(dry\u00a0basis)<\/span><\/td><td style=\"text-align: center;\"><span style=\"font-size: 14px;\">60.0%\u00a0min<\/span><\/td><\/tr><tr><td style=\"text-align: center;\"><span style=\"font-size: 14px;\">\u00a0Fulvic Acid(dry basis)<\/span><\/td><td style=\"text-align: center;\"><span style=\"font-size: 14px;\">15.0% min<\/span><\/td><\/tr><tr><td style=\"text-align: center;\"><span style=\"font-size: 14px;\">\u00a0Moisture<\/span><\/td><td style=\"text-align: center;\"><span style=\"font-size: 14px;\">15.0%\u00a0max<\/span><\/td><\/tr><tr><td style=\"text-align: center;\"><span style=\"font-size: 14px;\">\u00a0Particle size<\/span><\/td><td style=\"text-align: center;\"><span style=\"font-size: 14px;\">2-4mm flake<\/span><\/td><\/tr><tr><td style=\"text-align: center;\"><span style=\"font-size: 14px;\">\u00a0pH<\/span><\/td><td style=\"text-align: center;\"><span style=\"font-size: 14px;\">9-10<\/span><\/td><\/tr><\/tbody><\/table><p><span style=\"font-size: 14px;\">We are supplying other contents of sodium humate:<a href=\"https:\/\/www.humicchina.com\/40-sodium-humate\" target=\"_blank\" rel=\"noopener noreferrer\">40% sodium humate<\/a>, <a href=\"https:\/\/www.humicchina.com\/50-65-sodium-humate-feed-additive\" target=\"_blank\" rel=\"noopener noreferrer\">50%-65% sodium humate<\/a>, <a href=\"https:\/\/www.humicchina.com\/70-sodium-humate\" target=\"_blank\" rel=\"noopener noreferrer\">70% sodium humate<\/a>.<\/span><\/p><h2><span style=\"font-size: 14pt;\">Main Function<\/span><\/h2><h3><span style=\"font-size: 14px;\">(1). Work as feed additive<\/span><\/h3><ol><li><span style=\"font-size: 14px;\">Promote metabolism, accelerate the animal\u00a0growth and development.<\/span><\/li><li><span style=\"font-size: 14px;\">Improve meat quality, raise the yield of meat, eggs and milk.<\/span><\/li><li><span style=\"font-size: 14px;\">Make animal hair\u00a0bright.<\/span><\/li><li><span style=\"font-size: 14px;\">Increase disease resistance.<\/span><\/li><\/ol><h3><span style=\"font-size: 14px;\">(2). Aquaculture application<\/span><\/h3><ol><li><span style=\"font-size: 14px;\">Application in fertilizer water: Humic fulvic acid is an organic weak acid composed of carbon, hydrogen, oxygen, nitrogen and other elements, which can supplement the carbon source for water.<\/span><\/li><li><span style=\"font-size: 14px;\">Purification of water quality: Sodium fulvate\u00a0has complex structure and multiple functional groups, and has strong adsorption.<\/span><\/li><li><span style=\"font-size: 14px;\">Physical shading: After applying, the water body becomes soy sauce color, which can block part of the sunlight from reaching the bottom layer, thereby preventing the moss.<\/span><\/li><li><span style=\"font-size: 14px;\">Raising grass and protecting grass: this product is a good nutrient and can raise and protect grass.<\/span><\/li><li><span style=\"font-size: 14px;\">Chelating\u00a0heavy metal ions: fulvic acid in sodium fulvate reacts with heavy metal ions in water to reduce the toxicity of heavy metals.<\/span><\/li><li><span style=\"font-size: 14px;\">Improved substrate, detoxification and deodorization: Firstly, the network and porous structure of humic acid can loosen the soil and change the permeability of the substrate. Secondly, sodium fulvate can adsorb some NH3 and H2S in the bottom environment, thereby removing the odor of the sediment, reducing environmental pollution.<\/span><\/li><\/ol><h2><span style=\"font-size: 14pt;\">Sodium Fulvate Usage<\/span><\/h2><table border=\"1\" cellspacing=\"0\"><tbody><tr><td><span style=\"font-size: 14px;\">Additive<\/span><\/td><td><span style=\"font-size: 14px;\">Feed ingredients, drinking water, mineral supplements<\/span><\/td><\/tr><tr><td><span style=\"font-size: 14px;\">Additive amount(flake \/ powder)<\/span><\/td><td><span style=\"font-size: 14px;\">2\u2030-3\u2030\u00a0per MT\u00a0fodder<\/span><\/td><\/tr><tr><td><span style=\"font-size: 14px;\">Drinking water( flake \/ crystal)<\/span><\/td><td><span style=\"font-size: 14px;\">1 gram per litre of water<\/span><\/td><\/tr><tr><td><span style=\"font-size: 14px;\">Unhealthy Animals(flake \/ crystal)<\/span><\/td><td><span style=\"font-size: 14px;\">Initial support: 20 gram per 100 kg of body weight<br \/>Subsequent: 5 gram per 100 kg of body weight<\/span><\/td><\/tr><\/tbody><\/table><h2><span style=\"font-size: 14pt;\">Package<\/span><\/h2><ol><li><div class=\"msg-content scaleable\"><div class=\"msg-text normal-text text-msg-over-hidden\"><div class=\"origin-content\">Supply ability : 7500 MT\/month<\/div><\/div><\/div><\/li><li><span style=\"font-size: 14px;\">1kg, 5kgs, 10kgs printing aluminium foil bag + 10kgs, 20kgs printing carton box.<\/span><\/li><li><span style=\"font-size: 14px;\">20kgs\/25kg\u00a0woven\/paper bags\u00a0with\u00a0inner liner. (The Most popular package)<\/span><\/li><li><span style=\"font-size: 14px;\">20kgs\/25kg color printing PP\/PE bags with inner liner.<\/span><\/li><li><span style=\"font-size: 14px;\">1MT,1.1MT jumbo bags with\u00a0discharge hole.<\/span><\/li><li><span style=\"font-size: 14px;\">According\u00a0to\u00a0customers\u2019\u00a0requirement.<\/span><\/li><\/ol><h2><span style=\"font-size: 14pt;\">Advantage<\/span><\/h2><ol><li><span style=\"font-size: 14px;\">Include with dairy or beef cattle, pig, poultry, sheep, horse, shrimp and fish feed, supplements or water.<\/span><\/li><li><span style=\"font-size: 14px;\">Improves feed and supplement digestion.<\/span><\/li><li><span style=\"font-size: 14px;\">Faster animal weight gains.<\/span><\/li><li><span style=\"font-size: 14px;\">Increase dairy feed efficiency and reduce mastitis, animal stress and healing time.<\/span><\/li><li><span style=\"font-size: 14px;\">Odour reduction in animal waste.<\/span><\/li><li><span style=\"font-size: 14px;\">Support general health and vitality of animals, birds, fish and shrimp.<\/span><\/li><\/ol>\t\t\t\t\t\t\t\t<\/div>\n\t\t\t\t<\/div>\n\t\t\t\t\t<\/div>\n\t\t<\/div>\n\t\t\t\t\t<\/div>\n\t\t<\/section>\n\t\t\t\t<\/div>\n\t\t","protected":false},"excerpt":{"rendered":"<p>JINGFENG HUMIC ACID\u00a0 > Flocos de fulvato de s\u00f3dio a 15% O fulvato de s\u00f3dio em flocos \u00e9 produzido a partir de lignite ou carv\u00e3o castanho de elevada atividade. Possui elevada resist\u00eancia \u00e0 \u00e1gua dura e capacidade antiflocula\u00e7\u00e3o. \u00c9 utilizado principalmente na alimenta\u00e7\u00e3o animal e na aquacultura. Como cont\u00e9m sais de \u00e1cido f\u00falvico, \u00e9 tamb\u00e9m [&hellip;]<\/p>\n","protected":false},"author":1,"featured_media":7278,"parent":0,"menu_order":0,"comment_status":"open","ping_status":"closed","template":"","meta":{"footnotes":""},"class_list":["post-7172","page","type-page","status-publish","has-post-thumbnail","hentry"],"yoast_head":"<!-- This site is optimized with the Yoast SEO Premium plugin v26.3 (Yoast SEO v26.3) - https:\/\/yoast.com\/wordpress\/plugins\/seo\/ -->\n<title>15% Sodium fulvate flake<\/title>\n<meta name=\"description\" content=\"Sodium fulvate flake is made from high activity lignite or brown coal.Contain humic fulvic acid. It\u2019s mainly used for animal feeding and aquaculture.\" \/>\n<meta name=\"robots\" content=\"index, follow, max-snippet:-1, max-image-preview:large, max-video-preview:-1\" \/>\n<link rel=\"canonical\" href=\"https:\/\/www.humicchina.com\/pt\/15-sodium-fulvate-flake\" \/>\n<meta property=\"og:locale\" content=\"pt_BR\" \/>\n<meta property=\"og:locale:alternate\" content=\"en_US\" \/>\n<meta property=\"og:locale:alternate\" content=\"ja_JP\" \/>\n<meta property=\"og:locale:alternate\" content=\"ko_KR\" \/>\n<meta property=\"og:locale:alternate\" content=\"es_ES\" \/>\n<meta property=\"og:locale:alternate\" content=\"ar_SA\" \/>\n<meta property=\"og:locale:alternate\" content=\"vi_VN\" \/>\n<meta property=\"og:locale:alternate\" content=\"th_TH\" \/>\n<meta property=\"og:locale:alternate\" content=\"tr_TR\" \/>\n<meta property=\"og:locale:alternate\" content=\"ru_RU\" \/>\n<meta property=\"og:type\" content=\"article\" \/>\n<meta property=\"og:title\" content=\"15% Sodium fulvate flake\" \/>\n<meta property=\"og:description\" content=\"Sodium fulvate flake is made from high activity lignite or brown coal.Contain humic fulvic acid. It\u2019s mainly used for animal feeding and aquaculture.\" \/>\n<meta property=\"og:url\" content=\"https:\/\/www.humicchina.com\/pt\/15-sodium-fulvate-flake\" \/>\n<meta property=\"og:site_name\" content=\"Humic Acid, Seaweed extract, Amino acid Manufacturer\" \/>\n<meta property=\"article:publisher\" content=\"https:\/\/www.facebook.com\/JINGFENGHUMIC\" \/>\n<meta property=\"article:modified_time\" content=\"2025-12-09T11:34:42+00:00\" \/>\n<meta property=\"og:image\" content=\"https:\/\/www.humicchina.com\/wp-content\/uploads\/2019\/11\/7-Potassium-fulvate.jpg\" \/>\n\t<meta property=\"og:image:width\" content=\"1920\" \/>\n\t<meta property=\"og:image:height\" content=\"1440\" \/>\n\t<meta property=\"og:image:type\" content=\"image\/jpeg\" \/>\n<meta name=\"twitter:card\" content=\"summary_large_image\" \/>\n<meta name=\"twitter:site\" content=\"@JINGFENG_HUMIC\" \/>\n<meta name=\"twitter:label1\" content=\"Est. reading time\" \/>\n\t<meta name=\"twitter:data1\" content=\"4 minutos\" \/>\n<script type=\"application\/ld+json\" class=\"yoast-schema-graph\">{\"@context\":\"https:\/\/schema.org\",\"@graph\":[{\"@type\":\"WebPage\",\"@id\":\"https:\/\/www.humicchina.com\/15-sodium-fulvate-flake\",\"url\":\"https:\/\/www.humicchina.com\/15-sodium-fulvate-flake\",\"name\":\"15% Sodium fulvate flake\",\"isPartOf\":{\"@id\":\"https:\/\/www.humicchina.com\/#website\"},\"primaryImageOfPage\":{\"@id\":\"https:\/\/www.humicchina.com\/15-sodium-fulvate-flake#primaryimage\"},\"image\":{\"@id\":\"https:\/\/www.humicchina.com\/15-sodium-fulvate-flake#primaryimage\"},\"thumbnailUrl\":\"https:\/\/www.humicchina.com\/wp-content\/uploads\/2019\/11\/7-Potassium-fulvate.jpg\",\"datePublished\":\"2019-11-11T03:51:25+00:00\",\"dateModified\":\"2025-12-09T11:34:42+00:00\",\"description\":\"Sodium fulvate flake is made from high activity lignite or brown coal.Contain humic fulvic acid. It\u2019s mainly used for animal feeding and aquaculture.\",\"inLanguage\":\"pt-BR\",\"potentialAction\":[{\"@type\":\"ReadAction\",\"target\":[\"https:\/\/www.humicchina.com\/15-sodium-fulvate-flake\"]}]},{\"@type\":\"ImageObject\",\"inLanguage\":\"pt-BR\",\"@id\":\"https:\/\/www.humicchina.com\/15-sodium-fulvate-flake#primaryimage\",\"url\":\"https:\/\/www.humicchina.com\/wp-content\/uploads\/2019\/11\/7-Potassium-fulvate.jpg\",\"contentUrl\":\"https:\/\/www.humicchina.com\/wp-content\/uploads\/2019\/11\/7-Potassium-fulvate.jpg\",\"width\":1920,\"height\":1440},{\"@type\":\"WebSite\",\"@id\":\"https:\/\/www.humicchina.com\/#website\",\"url\":\"https:\/\/www.humicchina.com\/\",\"name\":\"Humic Acid, Seaweed extract, Amino acid Manufacturer\",\"description\":\"\",\"publisher\":{\"@id\":\"https:\/\/www.humicchina.com\/#organization\"},\"potentialAction\":[{\"@type\":\"SearchAction\",\"target\":{\"@type\":\"EntryPoint\",\"urlTemplate\":\"https:\/\/www.humicchina.com\/?s={search_term_string}\"},\"query-input\":{\"@type\":\"PropertyValueSpecification\",\"valueRequired\":true,\"valueName\":\"search_term_string\"}}],\"inLanguage\":\"pt-BR\"},{\"@type\":\"Organization\",\"@id\":\"https:\/\/www.humicchina.com\/#organization\",\"name\":\"JINGFENG HUMIC ACID\",\"url\":\"https:\/\/www.humicchina.com\/\",\"logo\":{\"@type\":\"ImageObject\",\"inLanguage\":\"pt-BR\",\"@id\":\"https:\/\/www.humicchina.com\/#\/schema\/logo\/image\/\",\"url\":\"https:\/\/www.humicchina.com\/wp-content\/uploads\/2019\/11\/JINGFENG-512-512.png\",\"contentUrl\":\"https:\/\/www.humicchina.com\/wp-content\/uploads\/2019\/11\/JINGFENG-512-512.png\",\"width\":512,\"height\":512,\"caption\":\"JINGFENG HUMIC ACID\"},\"image\":{\"@id\":\"https:\/\/www.humicchina.com\/#\/schema\/logo\/image\/\"},\"sameAs\":[\"https:\/\/www.facebook.com\/JINGFENGHUMIC\",\"https:\/\/x.com\/JINGFENG_HUMIC\"]}]}<\/script>\n<!-- \/ Yoast SEO Premium plugin. -->","yoast_head_json":{"title":"15% Sodium fulvate flake","description":"Sodium fulvate flake is made from high activity lignite or brown coal.Contain humic fulvic acid. It\u2019s mainly used for animal feeding and aquaculture.","robots":{"index":"index","follow":"follow","max-snippet":"max-snippet:-1","max-image-preview":"max-image-preview:large","max-video-preview":"max-video-preview:-1"},"canonical":"https:\/\/www.humicchina.com\/pt\/15-sodium-fulvate-flake","og_locale":"pt_BR","og_type":"article","og_title":"[:en]15% Sodium fulvate flake[:ja]15% Sodium fulvate flake[:ko]15% Sodium fulvate flake[:es]15% Sodium fulvate flake[:vi]15% Sodium fulvate flake[:th]15% Sodium fulvate flake[:ru]15% Sodium fulvate flake[:pt]15% Sodium fulvate flake[:]","og_description":"Sodium fulvate flake is made from high activity lignite or brown coal.Contain humic fulvic acid. It\u2019s mainly used for animal feeding and aquaculture.","og_url":"https:\/\/www.humicchina.com\/pt\/15-sodium-fulvate-flake","og_site_name":"Humic Acid, Seaweed extract, Amino acid Manufacturer","article_publisher":"https:\/\/www.facebook.com\/JINGFENGHUMIC","article_modified_time":"2025-12-09T11:34:42+00:00","og_image":[{"width":1920,"height":1440,"url":"https:\/\/www.humicchina.com\/wp-content\/uploads\/2019\/11\/7-Potassium-fulvate.jpg","type":"image\/jpeg"}],"twitter_card":"summary_large_image","twitter_site":"@JINGFENG_HUMIC","twitter_misc":{"Est. reading time":"4 minutos"},"schema":{"@context":"https:\/\/schema.org","@graph":[{"@type":"WebPage","@id":"https:\/\/www.humicchina.com\/15-sodium-fulvate-flake","url":"https:\/\/www.humicchina.com\/15-sodium-fulvate-flake","name":"15% Sodium fulvate flake","isPartOf":{"@id":"https:\/\/www.humicchina.com\/#website"},"primaryImageOfPage":{"@id":"https:\/\/www.humicchina.com\/15-sodium-fulvate-flake#primaryimage"},"image":{"@id":"https:\/\/www.humicchina.com\/15-sodium-fulvate-flake#primaryimage"},"thumbnailUrl":"https:\/\/www.humicchina.com\/wp-content\/uploads\/2019\/11\/7-Potassium-fulvate.jpg","datePublished":"2019-11-11T03:51:25+00:00","dateModified":"2025-12-09T11:34:42+00:00","description":"Sodium fulvate flake is made from high activity lignite or brown coal.Contain humic fulvic acid. It\u2019s mainly used for animal feeding and aquaculture.","inLanguage":"pt-BR","potentialAction":[{"@type":"ReadAction","target":["https:\/\/www.humicchina.com\/15-sodium-fulvate-flake"]}]},{"@type":"ImageObject","inLanguage":"pt-BR","@id":"https:\/\/www.humicchina.com\/15-sodium-fulvate-flake#primaryimage","url":"https:\/\/www.humicchina.com\/wp-content\/uploads\/2019\/11\/7-Potassium-fulvate.jpg","contentUrl":"https:\/\/www.humicchina.com\/wp-content\/uploads\/2019\/11\/7-Potassium-fulvate.jpg","width":1920,"height":1440},{"@type":"WebSite","@id":"https:\/\/www.humicchina.com\/#website","url":"https:\/\/www.humicchina.com\/","name":"Humic Acid, Seaweed extract, Amino acid Manufacturer","description":"","publisher":{"@id":"https:\/\/www.humicchina.com\/#organization"},"potentialAction":[{"@type":"SearchAction","target":{"@type":"EntryPoint","urlTemplate":"https:\/\/www.humicchina.com\/?s={search_term_string}"},"query-input":{"@type":"PropertyValueSpecification","valueRequired":true,"valueName":"search_term_string"}}],"inLanguage":"pt-BR"},{"@type":"Organization","@id":"https:\/\/www.humicchina.com\/#organization","name":"JINGFENG HUMIC ACID","url":"https:\/\/www.humicchina.com\/","logo":{"@type":"ImageObject","inLanguage":"pt-BR","@id":"https:\/\/www.humicchina.com\/#\/schema\/logo\/image\/","url":"https:\/\/www.humicchina.com\/wp-content\/uploads\/2019\/11\/JINGFENG-512-512.png","contentUrl":"https:\/\/www.humicchina.com\/wp-content\/uploads\/2019\/11\/JINGFENG-512-512.png","width":512,"height":512,"caption":"JINGFENG HUMIC ACID"},"image":{"@id":"https:\/\/www.humicchina.com\/#\/schema\/logo\/image\/"},"sameAs":["https:\/\/www.facebook.com\/JINGFENGHUMIC","https:\/\/x.com\/JINGFENG_HUMIC"]}]}},"_links":{"self":[{"href":"https:\/\/www.humicchina.com\/pt\/wp-json\/wp\/v2\/pages\/7172","targetHints":{"allow":["GET"]}}],"collection":[{"href":"https:\/\/www.humicchina.com\/pt\/wp-json\/wp\/v2\/pages"}],"about":[{"href":"https:\/\/www.humicchina.com\/pt\/wp-json\/wp\/v2\/types\/page"}],"author":[{"embeddable":true,"href":"https:\/\/www.humicchina.com\/pt\/wp-json\/wp\/v2\/users\/1"}],"replies":[{"embeddable":true,"href":"https:\/\/www.humicchina.com\/pt\/wp-json\/wp\/v2\/comments?post=7172"}],"version-history":[{"count":3,"href":"https:\/\/www.humicchina.com\/pt\/wp-json\/wp\/v2\/pages\/7172\/revisions"}],"predecessor-version":[{"id":17696,"href":"https:\/\/www.humicchina.com\/pt\/wp-json\/wp\/v2\/pages\/7172\/revisions\/17696"}],"wp:featuredmedia":[{"embeddable":true,"href":"https:\/\/www.humicchina.com\/pt\/wp-json\/wp\/v2\/media\/7278"}],"wp:attachment":[{"href":"https:\/\/www.humicchina.com\/pt\/wp-json\/wp\/v2\/media?parent=7172"}],"curies":[{"name":"wp","href":"https:\/\/api.w.org\/{rel}","templated":true}]}}