{"id":14390,"date":"2024-10-01T17:18:24","date_gmt":"2024-10-01T09:18:24","guid":{"rendered":"https:\/\/www.humicchina.com\/?page_id=14390"},"modified":"2025-12-26T21:40:49","modified_gmt":"2025-12-26T13:40:49","slug":"animal-industrial","status":"publish","type":"page","link":"https:\/\/www.humicchina.com\/vi\/animal-industrial","title":{"rendered":"ANIMAL \/ INDUSTRIAL"},"content":{"rendered":"\t\t<div data-elementor-type=\"wp-page\" data-elementor-id=\"14390\" class=\"elementor elementor-14390\" data-elementor-post-type=\"page\">\n\t\t\t\t\t\t<section class=\"elementor-section elementor-top-section elementor-element elementor-element-ec210a7 pbmit-col-stretched-none pbmit-bg-color-over-image elementor-section-boxed elementor-section-height-default elementor-section-height-default\" data-id=\"ec210a7\" data-element_type=\"section\">\n\t\t\t\t\t\t<div class=\"elementor-container elementor-column-gap-default\">\n\t\t\t\t\t<div class=\"elementor-column elementor-col-100 elementor-top-column elementor-element elementor-element-eaeaaa5 pbmit-bg-color-over-image\" data-id=\"eaeaaa5\" data-element_type=\"column\">\n\t\t\t<div class=\"elementor-widget-wrap elementor-element-populated\">\n\t\t\t\t\t\t<div class=\"elementor-element elementor-element-101740f elementor-widget elementor-widget-text-editor\" data-id=\"101740f\" data-element_type=\"widget\" data-widget_type=\"text-editor.default\">\n\t\t\t\t<div class=\"elementor-widget-container\">\n\t\t\t\t\t\t\t\t\t<p><a class=\"home\" title=\"Go to JINGFENG HUMIC ACID.\" href=\"https:\/\/www.humicchina.com\/\" rel=\"nofollow\">JINGFENG HUMIC ACID<\/a>\u00a0 &gt; ANIMAL \/ INDUSTRIAL<\/p>\t\t\t\t\t\t\t\t<\/div>\n\t\t\t\t<\/div>\n\t\t\t\t\t<\/div>\n\t\t<\/div>\n\t\t\t\t\t<\/div>\n\t\t<\/section>\n\t\t\t\t<section class=\"elementor-section elementor-top-section elementor-element elementor-element-82f9e59 pbmit-col-stretched-none pbmit-bg-color-over-image elementor-section-boxed elementor-section-height-default elementor-section-height-default\" data-id=\"82f9e59\" data-element_type=\"section\">\n\t\t\t\t\t\t\t<div class=\"elementor-background-overlay\"><\/div>\n\t\t\t\t\t\t\t<div class=\"elementor-container elementor-column-gap-default\">\n\t\t\t\t\t<div class=\"elementor-column elementor-col-50 elementor-top-column elementor-element elementor-element-3a3ae30 pbmit-bg-color-over-image\" data-id=\"3a3ae30\" data-element_type=\"column\" data-settings=\"{&quot;background_background&quot;:&quot;classic&quot;}\">\n\t\t\t<div class=\"elementor-widget-wrap elementor-element-populated\">\n\t\t\t\t\t\t<div class=\"elementor-element elementor-element-cab660e elementor-widget elementor-widget-sidebar\" data-id=\"cab660e\" data-element_type=\"widget\" data-widget_type=\"sidebar.default\">\n\t\t\t\t<div class=\"elementor-widget-container\">\n\t\t\t\t\t<aside id=\"block-20\" class=\"widget widget_block\"><\/aside><aside id=\"block-45\" class=\"widget widget_block\"><\/aside><aside id=\"text-10\" class=\"pbmit-download-content widget widget_text\">\t\t\t<div class=\"textwidget\"><div class=\"download\">\n<div class=\"item-download\"><a href=\"https:\/\/www.humicchina.com\/wp-content\/uploads\/2025\/05\/JINGFENG-HUMIC-ACID-20250314.pptx\" target=\"_blank\" rel=\"noopener noreferrer\"><span class=\"pbmit-download-content\"><i class=\"pbmit-base-icon-doc-file-format\"><\/i> Product Catalog <\/span><i class=\"pbminfotech-base-icons pbmit-righticon pbmit-base-icon-download\"><\/i><\/a><\/div>\n<\/div>\n<\/div>\n\t\t<\/aside><aside id=\"text-7\" style=\"background-image:url('http:\/\/agrimo-demo.pbminfotech.com\/datasite\/wp-content\/uploads\/sites\/5\/2024\/04\/ads-bg-img.jpg');\" class=\"pbmit-widget-padding widget widget_text\">\t\t\t<div class=\"textwidget\"><div class=\"pbmit-service-ads\">\n<h4 class=\"pbmit-ads-subtitle\">Innovative Solutions<\/h4>\n<div class=\"pbmit-btn\"><a href=\"\/contact-us\"><span class=\"pbmit-button-text\">Send Inquiry now<\/span><i class=\"pbmit-base-icon-black-arrow-1\"><\/i><\/a><\/div>\n<\/div>\n<\/div>\n\t\t<\/aside>\t\t\t\t<\/div>\n\t\t\t\t<\/div>\n\t\t\t\t\t<\/div>\n\t\t<\/div>\n\t\t\t\t<div class=\"elementor-column elementor-col-50 elementor-top-column elementor-element elementor-element-d7648a5 pbmit-bg-color-over-image\" data-id=\"d7648a5\" data-element_type=\"column\">\n\t\t\t<div class=\"elementor-widget-wrap elementor-element-populated\">\n\t\t\t\t\t\t<section class=\"elementor-section elementor-inner-section elementor-element elementor-element-9d0c848 pbmit-col-stretched-none pbmit-bg-color-over-image elementor-section-boxed elementor-section-height-default elementor-section-height-default\" data-id=\"9d0c848\" data-element_type=\"section\">\n\t\t\t\t\t\t<div class=\"elementor-container elementor-column-gap-default\">\n\t\t\t\t\t<div class=\"elementor-column elementor-col-33 elementor-inner-column elementor-element elementor-element-edce9e2 pbmit-bg-color-over-image\" data-id=\"edce9e2\" data-element_type=\"column\">\n\t\t\t<div class=\"elementor-widget-wrap elementor-element-populated\">\n\t\t\t\t\t\t<div class=\"elementor-element elementor-element-1e97231 pbmit-animation-none elementor-widget elementor-widget-image\" data-id=\"1e97231\" data-element_type=\"widget\" data-widget_type=\"image.default\">\n\t\t\t\t<div class=\"elementor-widget-container\">\n\t\t\t\t\t\t\t\t\t\t\t\t\t\t\t<img fetchpriority=\"high\" decoding=\"async\" width=\"2560\" height=\"1920\" src=\"https:\/\/www.humicchina.com\/wp-content\/uploads\/2021\/06\/SODIUM-HUMATE-BIG-SHINY-FLAKES.jpg\" class=\"attachment-large size-large wp-image-12114\" alt=\"Sodium humate big flakes Particle size\u00a03-5mm\" srcset=\"https:\/\/www.humicchina.com\/wp-content\/uploads\/2021\/06\/SODIUM-HUMATE-BIG-SHINY-FLAKES.jpg 2560w, https:\/\/www.humicchina.com\/wp-content\/uploads\/2021\/06\/SODIUM-HUMATE-BIG-SHINY-FLAKES-300x225.jpg 300w, https:\/\/www.humicchina.com\/wp-content\/uploads\/2021\/06\/SODIUM-HUMATE-BIG-SHINY-FLAKES-768x576.jpg 768w, https:\/\/www.humicchina.com\/wp-content\/uploads\/2021\/06\/SODIUM-HUMATE-BIG-SHINY-FLAKES-1536x1152.jpg 1536w, https:\/\/www.humicchina.com\/wp-content\/uploads\/2021\/06\/SODIUM-HUMATE-BIG-SHINY-FLAKES-2048x1536.jpg 2048w\" sizes=\"(max-width: 2560px) 100vw, 2560px\" \/>\t\t\t\t\t\t\t\t\t\t\t\t\t\t\t<\/div>\n\t\t\t\t<\/div>\n\t\t\t\t<div class=\"elementor-element elementor-element-490bda3 elementor-widget elementor-widget-heading\" data-id=\"490bda3\" data-element_type=\"widget\" data-widget_type=\"heading.default\">\n\t\t\t\t<div class=\"elementor-widget-container\">\n\t\t\t\t\t<h2 class=\"elementor-heading-title elementor-size-default\"><a href=\"https:\/\/www.humicchina.com\/40-sodium-humate\/\">40% Sodium humate flakes,granules,prill,pillar<\/a><\/h2>\t\t\t\t<\/div>\n\t\t\t\t<\/div>\n\t\t\t\t<div class=\"elementor-element elementor-element-5e4a1c0 elementor-widget elementor-widget-text-editor\" data-id=\"5e4a1c0\" data-element_type=\"widget\" data-widget_type=\"text-editor.default\">\n\t\t\t\t<div class=\"elementor-widget-container\">\n\t\t\t\t\t\t\t\t\t<hr \/><p>40% Sodium Humate is made from lower content leonardite. But has higher viscosity than normal sodium humate, which make it has bigger flakes size. As it\u2019s low cost product, mostly&#8230;<\/p>\t\t\t\t\t\t\t\t<\/div>\n\t\t\t\t<\/div>\n\t\t\t\t\t<\/div>\n\t\t<\/div>\n\t\t\t\t<div class=\"elementor-column elementor-col-33 elementor-inner-column elementor-element elementor-element-cd56aec pbmit-bg-color-over-image\" data-id=\"cd56aec\" data-element_type=\"column\">\n\t\t\t<div class=\"elementor-widget-wrap elementor-element-populated\">\n\t\t\t\t\t\t<div class=\"elementor-element elementor-element-878a7bd pbmit-animation-none elementor-widget elementor-widget-image\" data-id=\"878a7bd\" data-element_type=\"widget\" data-widget_type=\"image.default\">\n\t\t\t\t<div class=\"elementor-widget-container\">\n\t\t\t\t\t\t\t\t\t\t\t\t\t\t\t<img decoding=\"async\" width=\"2560\" height=\"1920\" src=\"https:\/\/www.humicchina.com\/wp-content\/uploads\/2021\/06\/Potassium-humate-flakes.jpg\" class=\"attachment-large size-large wp-image-12112\" alt=\"Fulvic Acid Flake\" srcset=\"https:\/\/www.humicchina.com\/wp-content\/uploads\/2021\/06\/Potassium-humate-flakes.jpg 2560w, https:\/\/www.humicchina.com\/wp-content\/uploads\/2021\/06\/Potassium-humate-flakes-300x225.jpg 300w, https:\/\/www.humicchina.com\/wp-content\/uploads\/2021\/06\/Potassium-humate-flakes-768x576.jpg 768w, https:\/\/www.humicchina.com\/wp-content\/uploads\/2021\/06\/Potassium-humate-flakes-1536x1152.jpg 1536w, https:\/\/www.humicchina.com\/wp-content\/uploads\/2021\/06\/Potassium-humate-flakes-2048x1536.jpg 2048w\" sizes=\"(max-width: 2560px) 100vw, 2560px\" \/>\t\t\t\t\t\t\t\t\t\t\t\t\t\t\t<\/div>\n\t\t\t\t<\/div>\n\t\t\t\t<div class=\"elementor-element elementor-element-3b9c5af elementor-widget elementor-widget-heading\" data-id=\"3b9c5af\" data-element_type=\"widget\" data-widget_type=\"heading.default\">\n\t\t\t\t<div class=\"elementor-widget-container\">\n\t\t\t\t\t<h2 class=\"elementor-heading-title elementor-size-default\"><a href=\"https:\/\/www.humicchina.com\/50-65-sodium-humate-feed-additive\/\">50%-65% Sodium Humate Feed Additive<\/a><\/h2>\t\t\t\t<\/div>\n\t\t\t\t<\/div>\n\t\t\t\t<div class=\"elementor-element elementor-element-d9ae3b8 elementor-widget elementor-widget-text-editor\" data-id=\"d9ae3b8\" data-element_type=\"widget\" data-widget_type=\"text-editor.default\">\n\t\t\t\t<div class=\"elementor-widget-container\">\n\t\t\t\t\t\t\t\t\t<hr \/><p>This product is a kind of sodium humate feed additive,it&#8217;s humic acids sodium salt obtained after humic acid react with NaOH, which is soluble in water. Have shiny flake, shiny crystal&#8230;<\/p>\t\t\t\t\t\t\t\t<\/div>\n\t\t\t\t<\/div>\n\t\t\t\t\t<\/div>\n\t\t<\/div>\n\t\t\t\t<div class=\"elementor-column elementor-col-33 elementor-inner-column elementor-element elementor-element-8716114 pbmit-bg-color-over-image\" data-id=\"8716114\" data-element_type=\"column\">\n\t\t\t<div class=\"elementor-widget-wrap elementor-element-populated\">\n\t\t\t\t\t\t<div class=\"elementor-element elementor-element-4ab129c pbmit-animation-none elementor-widget elementor-widget-image\" data-id=\"4ab129c\" data-element_type=\"widget\" data-widget_type=\"image.default\">\n\t\t\t\t<div class=\"elementor-widget-container\">\n\t\t\t\t\t\t\t\t\t\t\t\t\t\t\t<img decoding=\"async\" width=\"1920\" height=\"1440\" src=\"https:\/\/www.humicchina.com\/wp-content\/uploads\/2019\/11\/Small-Flake-Potassium-Humate.jpg\" class=\"attachment-large size-large wp-image-7300\" alt=\"\" srcset=\"https:\/\/www.humicchina.com\/wp-content\/uploads\/2019\/11\/Small-Flake-Potassium-Humate.jpg 1920w, https:\/\/www.humicchina.com\/wp-content\/uploads\/2019\/11\/Small-Flake-Potassium-Humate-300x225.jpg 300w, https:\/\/www.humicchina.com\/wp-content\/uploads\/2019\/11\/Small-Flake-Potassium-Humate-768x576.jpg 768w\" sizes=\"(max-width: 1920px) 100vw, 1920px\" \/>\t\t\t\t\t\t\t\t\t\t\t\t\t\t\t<\/div>\n\t\t\t\t<\/div>\n\t\t\t\t<div class=\"elementor-element elementor-element-f92a9f5 elementor-widget elementor-widget-heading\" data-id=\"f92a9f5\" data-element_type=\"widget\" data-widget_type=\"heading.default\">\n\t\t\t\t<div class=\"elementor-widget-container\">\n\t\t\t\t\t<h2 class=\"elementor-heading-title elementor-size-default\"><a href=\"https:\/\/www.humicchina.com\/70-sodium-humate\/\">70% Sodium humate<\/a><\/h2>\t\t\t\t<\/div>\n\t\t\t\t<\/div>\n\t\t\t\t<div class=\"elementor-element elementor-element-42ca20c elementor-widget elementor-widget-text-editor\" data-id=\"42ca20c\" data-element_type=\"widget\" data-widget_type=\"text-editor.default\">\n\t\t\t\t<div class=\"elementor-widget-container\">\n\t\t\t\t\t\t\t\t\t<hr \/><p>70% Sodium humate is refined from leonardite or lignite which contains low calcium and low magnesium, rich in hydroxyl, quinone, carboxyl and other active groups. Physical properties:&#8230;<\/p>\t\t\t\t\t\t\t\t<\/div>\n\t\t\t\t<\/div>\n\t\t\t\t\t<\/div>\n\t\t<\/div>\n\t\t\t\t\t<\/div>\n\t\t<\/section>\n\t\t\t\t<section class=\"elementor-section elementor-inner-section elementor-element elementor-element-99daa86 pbmit-col-stretched-none pbmit-bg-color-over-image elementor-section-boxed elementor-section-height-default elementor-section-height-default\" data-id=\"99daa86\" data-element_type=\"section\">\n\t\t\t\t\t\t<div class=\"elementor-container elementor-column-gap-default\">\n\t\t\t\t\t<div class=\"elementor-column elementor-col-33 elementor-inner-column elementor-element elementor-element-b3b8dfc pbmit-bg-color-over-image\" data-id=\"b3b8dfc\" data-element_type=\"column\">\n\t\t\t<div class=\"elementor-widget-wrap elementor-element-populated\">\n\t\t\t\t\t\t<div class=\"elementor-element elementor-element-a887364 pbmit-animation-none elementor-widget elementor-widget-image\" data-id=\"a887364\" data-element_type=\"widget\" data-widget_type=\"image.default\">\n\t\t\t\t<div class=\"elementor-widget-container\">\n\t\t\t\t\t\t\t\t\t\t\t\t\t\t\t<img decoding=\"async\" width=\"1920\" height=\"1440\" src=\"https:\/\/www.humicchina.com\/wp-content\/uploads\/2019\/11\/Small-Flake-Potassium-Humate.jpg\" class=\"attachment-large size-large wp-image-7300\" alt=\"\" srcset=\"https:\/\/www.humicchina.com\/wp-content\/uploads\/2019\/11\/Small-Flake-Potassium-Humate.jpg 1920w, https:\/\/www.humicchina.com\/wp-content\/uploads\/2019\/11\/Small-Flake-Potassium-Humate-300x225.jpg 300w, https:\/\/www.humicchina.com\/wp-content\/uploads\/2019\/11\/Small-Flake-Potassium-Humate-768x576.jpg 768w\" sizes=\"(max-width: 1920px) 100vw, 1920px\" \/>\t\t\t\t\t\t\t\t\t\t\t\t\t\t\t<\/div>\n\t\t\t\t<\/div>\n\t\t\t\t<div class=\"elementor-element elementor-element-b17fb0c elementor-widget elementor-widget-heading\" data-id=\"b17fb0c\" data-element_type=\"widget\" data-widget_type=\"heading.default\">\n\t\t\t\t<div class=\"elementor-widget-container\">\n\t\t\t\t\t<h2 class=\"elementor-heading-title elementor-size-default\"><a href=\"https:\/\/www.humicchina.com\/15-sodium-fulvate-flake\/\">15% Sodium fulvate flake<\/a><\/h2>\t\t\t\t<\/div>\n\t\t\t\t<\/div>\n\t\t\t\t<div class=\"elementor-element elementor-element-568f54f elementor-widget elementor-widget-text-editor\" data-id=\"568f54f\" data-element_type=\"widget\" data-widget_type=\"text-editor.default\">\n\t\t\t\t<div class=\"elementor-widget-container\">\n\t\t\t\t\t\t\t\t\t<hr \/><p>Sodium fulvate flake is made from high activity lignite or brown coal. Has high resistance to hard water, anti-flocculation ability. It\u2019s mainly used for animal feeding and aquaculture&#8230;.<\/p>\t\t\t\t\t\t\t\t<\/div>\n\t\t\t\t<\/div>\n\t\t\t\t\t<\/div>\n\t\t<\/div>\n\t\t\t\t<div class=\"elementor-column elementor-col-33 elementor-inner-column elementor-element elementor-element-6c0dac8 pbmit-bg-color-over-image\" data-id=\"6c0dac8\" data-element_type=\"column\">\n\t\t\t<div class=\"elementor-widget-wrap\">\n\t\t\t\t\t\t\t<\/div>\n\t\t<\/div>\n\t\t\t\t<div class=\"elementor-column elementor-col-33 elementor-inner-column elementor-element elementor-element-4d4f84c pbmit-bg-color-over-image\" data-id=\"4d4f84c\" data-element_type=\"column\">\n\t\t\t<div class=\"elementor-widget-wrap\">\n\t\t\t\t\t\t\t<\/div>\n\t\t<\/div>\n\t\t\t\t\t<\/div>\n\t\t<\/section>\n\t\t\t\t\t<\/div>\n\t\t<\/div>\n\t\t\t\t\t<\/div>\n\t\t<\/section>\n\t\t\t\t<\/div>\n\t\t","protected":false},"excerpt":{"rendered":"<p>JINGFENG HUMIC ACID\u00a0 > \u0110\u1ed8NG V\u1eacT \/ C\u00d4NG NGHI\u1ec6P 40% Natri humat d\u1ea1ng v\u1ea3y, h\u1ea1t, vi\u00ean, tr\u1ee5 Natri Humat 40% \u0111\u01b0\u1ee3c s\u1ea3n xu\u1ea5t t\u1eeb \u200b\u200bleonardit c\u00f3 h\u00e0m l\u01b0\u1ee3ng th\u1ea5p h\u01a1n. Nh\u01b0ng n\u00f3 c\u00f3 \u0111\u1ed9 nh\u1edbt cao h\u01a1n so v\u1edbi natri humat th\u00f4ng th\u01b0\u1eddng, d\u1eabn \u0111\u1ebfn k\u00edch th\u01b0\u1edbc v\u1ea3y l\u1edbn h\u01a1n. V\u00ec \u0111\u00e2y l\u00e0 s\u1ea3n ph\u1ea9m [&hellip;]<\/p>\n","protected":false},"author":1,"featured_media":0,"parent":0,"menu_order":0,"comment_status":"open","ping_status":"closed","template":"","meta":{"footnotes":""},"class_list":["post-14390","page","type-page","status-publish","hentry"],"yoast_head":"<!-- This site is optimized with the Yoast SEO Premium plugin v26.3 (Yoast SEO v26.3) - https:\/\/yoast.com\/wordpress\/plugins\/seo\/ -->\n<title>ANIMAL \/ INDUSTRIAL<\/title>\n<meta name=\"description\" content=\"Sodium humate is humic acids sodium salt obtained after humic acid react with NaOH. And it can be used in animal breeding and industry.\" \/>\n<meta name=\"robots\" content=\"index, follow, max-snippet:-1, max-image-preview:large, max-video-preview:-1\" \/>\n<link rel=\"canonical\" href=\"https:\/\/www.humicchina.com\/vi\/animal-industrial\" \/>\n<meta property=\"og:locale\" content=\"vi_VN\" \/>\n<meta property=\"og:locale:alternate\" content=\"en_US\" \/>\n<meta property=\"og:locale:alternate\" content=\"ja_JP\" \/>\n<meta property=\"og:locale:alternate\" content=\"ko_KR\" \/>\n<meta property=\"og:locale:alternate\" content=\"es_ES\" \/>\n<meta property=\"og:locale:alternate\" content=\"ar_SA\" \/>\n<meta property=\"og:locale:alternate\" content=\"th_TH\" \/>\n<meta property=\"og:locale:alternate\" content=\"tr_TR\" \/>\n<meta property=\"og:locale:alternate\" content=\"ru_RU\" \/>\n<meta property=\"og:locale:alternate\" content=\"pt_BR\" \/>\n<meta property=\"og:type\" content=\"article\" \/>\n<meta property=\"og:title\" content=\"ANIMAL \/ INDUSTRIAL\" \/>\n<meta property=\"og:description\" content=\"Sodium humate is humic acids sodium salt obtained after humic acid react with NaOH. And it can be used in animal breeding and industry.\" \/>\n<meta property=\"og:url\" content=\"https:\/\/www.humicchina.com\/vi\/animal-industrial\" \/>\n<meta property=\"og:site_name\" content=\"Humic Acid, Seaweed extract, Amino acid Manufacturer\" \/>\n<meta property=\"article:publisher\" content=\"https:\/\/www.facebook.com\/JINGFENGHUMIC\" \/>\n<meta property=\"article:modified_time\" content=\"2025-12-26T13:40:49+00:00\" \/>\n<meta property=\"og:image\" content=\"https:\/\/www.humicchina.com\/wp-content\/uploads\/2021\/06\/SODIUM-HUMATE-BIG-SHINY-FLAKES.jpg\" \/>\n<meta name=\"twitter:card\" content=\"summary_large_image\" \/>\n<meta name=\"twitter:site\" content=\"@JINGFENG_HUMIC\" \/>\n<meta name=\"twitter:label1\" content=\"Est. reading time\" \/>\n\t<meta name=\"twitter:data1\" content=\"3 ph\u00fat\" \/>\n<script type=\"application\/ld+json\" class=\"yoast-schema-graph\">{\"@context\":\"https:\/\/schema.org\",\"@graph\":[{\"@type\":\"WebPage\",\"@id\":\"https:\/\/www.humicchina.com\/animal-industrial\",\"url\":\"https:\/\/www.humicchina.com\/animal-industrial\",\"name\":\"ANIMAL \/ INDUSTRIAL\",\"isPartOf\":{\"@id\":\"https:\/\/www.humicchina.com\/#website\"},\"primaryImageOfPage\":{\"@id\":\"https:\/\/www.humicchina.com\/animal-industrial#primaryimage\"},\"image\":{\"@id\":\"https:\/\/www.humicchina.com\/animal-industrial#primaryimage\"},\"thumbnailUrl\":\"https:\/\/www.humicchina.com\/wp-content\/uploads\/2021\/06\/SODIUM-HUMATE-BIG-SHINY-FLAKES.jpg\",\"datePublished\":\"2024-10-01T09:18:24+00:00\",\"dateModified\":\"2025-12-26T13:40:49+00:00\",\"description\":\"Sodium humate is humic acids sodium salt obtained after humic acid react with NaOH. And it can be used in animal breeding and industry.\",\"inLanguage\":\"vi\",\"potentialAction\":[{\"@type\":\"ReadAction\",\"target\":[\"https:\/\/www.humicchina.com\/animal-industrial\"]}]},{\"@type\":\"ImageObject\",\"inLanguage\":\"vi\",\"@id\":\"https:\/\/www.humicchina.com\/animal-industrial#primaryimage\",\"url\":\"https:\/\/www.humicchina.com\/wp-content\/uploads\/2021\/06\/SODIUM-HUMATE-BIG-SHINY-FLAKES.jpg\",\"contentUrl\":\"https:\/\/www.humicchina.com\/wp-content\/uploads\/2021\/06\/SODIUM-HUMATE-BIG-SHINY-FLAKES.jpg\"},{\"@type\":\"WebSite\",\"@id\":\"https:\/\/www.humicchina.com\/#website\",\"url\":\"https:\/\/www.humicchina.com\/\",\"name\":\"Humic Acid, Seaweed extract, Amino acid Manufacturer\",\"description\":\"\",\"publisher\":{\"@id\":\"https:\/\/www.humicchina.com\/#organization\"},\"potentialAction\":[{\"@type\":\"SearchAction\",\"target\":{\"@type\":\"EntryPoint\",\"urlTemplate\":\"https:\/\/www.humicchina.com\/?s={search_term_string}\"},\"query-input\":{\"@type\":\"PropertyValueSpecification\",\"valueRequired\":true,\"valueName\":\"search_term_string\"}}],\"inLanguage\":\"vi\"},{\"@type\":\"Organization\",\"@id\":\"https:\/\/www.humicchina.com\/#organization\",\"name\":\"JINGFENG HUMIC ACID\",\"url\":\"https:\/\/www.humicchina.com\/\",\"logo\":{\"@type\":\"ImageObject\",\"inLanguage\":\"vi\",\"@id\":\"https:\/\/www.humicchina.com\/#\/schema\/logo\/image\/\",\"url\":\"https:\/\/www.humicchina.com\/wp-content\/uploads\/2019\/11\/JINGFENG-512-512.png\",\"contentUrl\":\"https:\/\/www.humicchina.com\/wp-content\/uploads\/2019\/11\/JINGFENG-512-512.png\",\"width\":512,\"height\":512,\"caption\":\"JINGFENG HUMIC ACID\"},\"image\":{\"@id\":\"https:\/\/www.humicchina.com\/#\/schema\/logo\/image\/\"},\"sameAs\":[\"https:\/\/www.facebook.com\/JINGFENGHUMIC\",\"https:\/\/x.com\/JINGFENG_HUMIC\"]}]}<\/script>\n<!-- \/ Yoast SEO Premium plugin. -->","yoast_head_json":{"title":"ANIMAL \/ INDUSTRIAL","description":"Sodium humate is humic acids sodium salt obtained after humic acid react with NaOH. And it can be used in animal breeding and industry.","robots":{"index":"index","follow":"follow","max-snippet":"max-snippet:-1","max-image-preview":"max-image-preview:large","max-video-preview":"max-video-preview:-1"},"canonical":"https:\/\/www.humicchina.com\/vi\/animal-industrial","og_locale":"vi_VN","og_type":"article","og_title":"[:en]ANIMAL \/ INDUSTRIAL[:ja]ANIMAL \/ INDUSTRIAL[:ko]ANIMAL \/ INDUSTRIAL[:es]ANIMAL \/ INDUSTRIAL[:vi]ANIMAL \/ INDUSTRIAL[:th]ANIMAL \/ INDUSTRIAL[:ru]ANIMAL \/ INDUSTRIAL[:]","og_description":"Sodium humate is humic acids sodium salt obtained after humic acid react with NaOH. And it can be used in animal breeding and industry.","og_url":"https:\/\/www.humicchina.com\/vi\/animal-industrial","og_site_name":"Humic Acid, Seaweed extract, Amino acid Manufacturer","article_publisher":"https:\/\/www.facebook.com\/JINGFENGHUMIC","article_modified_time":"2025-12-26T13:40:49+00:00","og_image":[{"url":"https:\/\/www.humicchina.com\/wp-content\/uploads\/2021\/06\/SODIUM-HUMATE-BIG-SHINY-FLAKES.jpg","type":"","width":"","height":""}],"twitter_card":"summary_large_image","twitter_site":"@JINGFENG_HUMIC","twitter_misc":{"Est. reading time":"3 ph\u00fat"},"schema":{"@context":"https:\/\/schema.org","@graph":[{"@type":"WebPage","@id":"https:\/\/www.humicchina.com\/animal-industrial","url":"https:\/\/www.humicchina.com\/animal-industrial","name":"ANIMAL \/ INDUSTRIAL","isPartOf":{"@id":"https:\/\/www.humicchina.com\/#website"},"primaryImageOfPage":{"@id":"https:\/\/www.humicchina.com\/animal-industrial#primaryimage"},"image":{"@id":"https:\/\/www.humicchina.com\/animal-industrial#primaryimage"},"thumbnailUrl":"https:\/\/www.humicchina.com\/wp-content\/uploads\/2021\/06\/SODIUM-HUMATE-BIG-SHINY-FLAKES.jpg","datePublished":"2024-10-01T09:18:24+00:00","dateModified":"2025-12-26T13:40:49+00:00","description":"Sodium humate is humic acids sodium salt obtained after humic acid react with NaOH. And it can be used in animal breeding and industry.","inLanguage":"vi","potentialAction":[{"@type":"ReadAction","target":["https:\/\/www.humicchina.com\/animal-industrial"]}]},{"@type":"ImageObject","inLanguage":"vi","@id":"https:\/\/www.humicchina.com\/animal-industrial#primaryimage","url":"https:\/\/www.humicchina.com\/wp-content\/uploads\/2021\/06\/SODIUM-HUMATE-BIG-SHINY-FLAKES.jpg","contentUrl":"https:\/\/www.humicchina.com\/wp-content\/uploads\/2021\/06\/SODIUM-HUMATE-BIG-SHINY-FLAKES.jpg"},{"@type":"WebSite","@id":"https:\/\/www.humicchina.com\/#website","url":"https:\/\/www.humicchina.com\/","name":"Humic Acid, Seaweed extract, Amino acid Manufacturer","description":"","publisher":{"@id":"https:\/\/www.humicchina.com\/#organization"},"potentialAction":[{"@type":"SearchAction","target":{"@type":"EntryPoint","urlTemplate":"https:\/\/www.humicchina.com\/?s={search_term_string}"},"query-input":{"@type":"PropertyValueSpecification","valueRequired":true,"valueName":"search_term_string"}}],"inLanguage":"vi"},{"@type":"Organization","@id":"https:\/\/www.humicchina.com\/#organization","name":"JINGFENG HUMIC ACID","url":"https:\/\/www.humicchina.com\/","logo":{"@type":"ImageObject","inLanguage":"vi","@id":"https:\/\/www.humicchina.com\/#\/schema\/logo\/image\/","url":"https:\/\/www.humicchina.com\/wp-content\/uploads\/2019\/11\/JINGFENG-512-512.png","contentUrl":"https:\/\/www.humicchina.com\/wp-content\/uploads\/2019\/11\/JINGFENG-512-512.png","width":512,"height":512,"caption":"JINGFENG HUMIC ACID"},"image":{"@id":"https:\/\/www.humicchina.com\/#\/schema\/logo\/image\/"},"sameAs":["https:\/\/www.facebook.com\/JINGFENGHUMIC","https:\/\/x.com\/JINGFENG_HUMIC"]}]}},"_links":{"self":[{"href":"https:\/\/www.humicchina.com\/vi\/wp-json\/wp\/v2\/pages\/14390","targetHints":{"allow":["GET"]}}],"collection":[{"href":"https:\/\/www.humicchina.com\/vi\/wp-json\/wp\/v2\/pages"}],"about":[{"href":"https:\/\/www.humicchina.com\/vi\/wp-json\/wp\/v2\/types\/page"}],"author":[{"embeddable":true,"href":"https:\/\/www.humicchina.com\/vi\/wp-json\/wp\/v2\/users\/1"}],"replies":[{"embeddable":true,"href":"https:\/\/www.humicchina.com\/vi\/wp-json\/wp\/v2\/comments?post=14390"}],"version-history":[{"count":3,"href":"https:\/\/www.humicchina.com\/vi\/wp-json\/wp\/v2\/pages\/14390\/revisions"}],"predecessor-version":[{"id":18798,"href":"https:\/\/www.humicchina.com\/vi\/wp-json\/wp\/v2\/pages\/14390\/revisions\/18798"}],"wp:attachment":[{"href":"https:\/\/www.humicchina.com\/vi\/wp-json\/wp\/v2\/media?parent=14390"}],"curies":[{"name":"wp","href":"https:\/\/api.w.org\/{rel}","templated":true}]}}