{"id":7223,"date":"2019-11-11T13:53:39","date_gmt":"2019-11-11T05:53:39","guid":{"rendered":"https:\/\/www.humicchina.com\/?page_id=7223"},"modified":"2025-12-09T20:03:52","modified_gmt":"2025-12-09T12:03:52","slug":"20-seaweed-extract","status":"publish","type":"page","link":"https:\/\/www.humicchina.com\/vi\/20-seaweed-extract","title":{"rendered":"20% Seaweed Extract Flakes Fertilizer"},"content":{"rendered":"\t\t<div data-elementor-type=\"wp-page\" data-elementor-id=\"7223\" class=\"elementor elementor-7223\" data-elementor-post-type=\"page\">\n\t\t\t\t\t\t<section class=\"elementor-section elementor-top-section elementor-element elementor-element-b859308 pbmit-col-stretched-none pbmit-bg-color-over-image elementor-section-boxed elementor-section-height-default elementor-section-height-default\" data-id=\"b859308\" data-element_type=\"section\">\n\t\t\t\t\t\t<div class=\"elementor-container elementor-column-gap-default\">\n\t\t\t\t\t<div class=\"elementor-column elementor-col-50 elementor-top-column elementor-element elementor-element-3627626 pbmit-bg-color-over-image\" data-id=\"3627626\" data-element_type=\"column\">\n\t\t\t<div class=\"elementor-widget-wrap elementor-element-populated\">\n\t\t\t\t\t\t<div class=\"elementor-element elementor-element-dd5100a elementor-widget elementor-widget-text-editor\" data-id=\"dd5100a\" data-element_type=\"widget\" data-widget_type=\"text-editor.default\">\n\t\t\t\t<div class=\"elementor-widget-container\">\n\t\t\t\t\t\t\t\t\t<p><a class=\"home\" title=\"Go to JINGFENG HUMIC ACID.\" href=\"https:\/\/www.humicchina.com\/\" rel=\"nofollow\">JINGFENG HUMIC ACID<\/a>\u00a0 &gt; 20% Seaweed Extract Flakes Fertilizer<\/p>\t\t\t\t\t\t\t\t<\/div>\n\t\t\t\t<\/div>\n\t\t\t\t\t<\/div>\n\t\t<\/div>\n\t\t\t\t<div class=\"elementor-column elementor-col-50 elementor-top-column elementor-element elementor-element-571e777 pbmit-bg-color-over-image\" data-id=\"571e777\" data-element_type=\"column\">\n\t\t\t<div class=\"elementor-widget-wrap\">\n\t\t\t\t\t\t\t<\/div>\n\t\t<\/div>\n\t\t\t\t\t<\/div>\n\t\t<\/section>\n\t\t\t\t<section class=\"elementor-section elementor-top-section elementor-element elementor-element-07c99c9 pbmit-col-stretched-none pbmit-bg-color-over-image elementor-section-boxed elementor-section-height-default elementor-section-height-default\" data-id=\"07c99c9\" data-element_type=\"section\">\n\t\t\t\t\t\t<div class=\"elementor-container elementor-column-gap-default\">\n\t\t\t\t\t<div class=\"elementor-column elementor-col-33 elementor-top-column elementor-element elementor-element-7d06e32 pbmit-bg-color-over-image\" data-id=\"7d06e32\" data-element_type=\"column\">\n\t\t\t<div class=\"elementor-widget-wrap elementor-element-populated\">\n\t\t\t\t\t\t<div class=\"elementor-element elementor-element-2bc0a0f elementor-widget elementor-widget-sidebar\" data-id=\"2bc0a0f\" data-element_type=\"widget\" data-widget_type=\"sidebar.default\">\n\t\t\t\t<div class=\"elementor-widget-container\">\n\t\t\t\t\t<aside id=\"block-20\" class=\"widget widget_block\"><\/aside><aside id=\"block-45\" class=\"widget widget_block\"><\/aside><aside id=\"text-10\" class=\"pbmit-download-content widget widget_text\">\t\t\t<div class=\"textwidget\"><div class=\"download\">\n<div class=\"item-download\"><a href=\"https:\/\/www.humicchina.com\/wp-content\/uploads\/2025\/05\/JINGFENG-HUMIC-ACID-20250314.pptx\" target=\"_blank\" rel=\"noopener noreferrer\"><span class=\"pbmit-download-content\"><i class=\"pbmit-base-icon-doc-file-format\"><\/i> Product Catalog <\/span><i class=\"pbminfotech-base-icons pbmit-righticon pbmit-base-icon-download\"><\/i><\/a><\/div>\n<\/div>\n<\/div>\n\t\t<\/aside><aside id=\"text-7\" style=\"background-image:url('http:\/\/agrimo-demo.pbminfotech.com\/datasite\/wp-content\/uploads\/sites\/5\/2024\/04\/ads-bg-img.jpg');\" class=\"pbmit-widget-padding widget widget_text\">\t\t\t<div class=\"textwidget\"><div class=\"pbmit-service-ads\">\n<h4 class=\"pbmit-ads-subtitle\">Innovative Solutions<\/h4>\n<div class=\"pbmit-btn\"><a href=\"\/contact-us\"><span class=\"pbmit-button-text\">Send Inquiry now<\/span><i class=\"pbmit-base-icon-black-arrow-1\"><\/i><\/a><\/div>\n<\/div>\n<\/div>\n\t\t<\/aside>\t\t\t\t<\/div>\n\t\t\t\t<\/div>\n\t\t\t\t\t<\/div>\n\t\t<\/div>\n\t\t\t\t<div class=\"elementor-column elementor-col-66 elementor-top-column elementor-element elementor-element-c8c0ee6 pbmit-bg-color-over-image\" data-id=\"c8c0ee6\" data-element_type=\"column\">\n\t\t\t<div class=\"elementor-widget-wrap elementor-element-populated\">\n\t\t\t\t\t\t<div class=\"elementor-element elementor-element-382758bd elementor-widget elementor-widget-text-editor\" data-id=\"382758bd\" data-element_type=\"widget\" data-widget_type=\"text-editor.default\">\n\t\t\t\t<div class=\"elementor-widget-container\">\n\t\t\t\t\t\t\t\t\t<p><span style=\"font-size: 14px;\">The raw materials of 20% seaweed extract are kelp and brown alga. After processed by Physical crushing, biochemical extraction, absorption concentration, film drying, etc, the product is finally made to <a href=\"https:\/\/www.humicchina.com\/seaweed-extract\" target=\"_blank\" rel=\"noopener\">seaweed extract flakes<\/a> or seaweed extract powder.<\/span><\/p>\n<p><span style=\"font-size: 14px;\">The seaweed extract flakes \/ powder has special quality, quick dissolution rate, high activity and good absorptivity. It has many functions including growth promoting, production increase, disease prevention, insect expelling, etc. 20% Seaweed extract can be used for root irrigation, water flushing irrigation, foliar spray, etc. It can also be used as raw materials for biological fertilizer, compound fertilizer, organic fertilizer, etc. <\/span><\/p>\n<p><span style=\"font-size: 14px;\">More kinds of seaweed extract: <a href=\"https:\/\/www.humicchina.com\/12-seaweed-extract\" target=\"_blank\" rel=\"noopener noreferrer\">12% <\/a>,\u00a0<a href=\"https:\/\/www.humicchina.com\/14-16-seaweed-extract\" target=\"_blank\" rel=\"noopener noreferrer\">14%-16%<\/a>,\u00a0<a href=\"https:\/\/www.humicchina.com\/18-seaweed-extract\" target=\"_blank\" rel=\"noopener noreferrer\">18%<\/a>.<\/span><\/p>\n<table style=\"table-layout: fixed;\" border=\"1\" width=\"100%\" cellspacing=\"0\" cellpadding=\"2\">\n<tbody>\n<tr>\n<td>\n<div style=\"text-align: center;\"><span style=\"font-size: 14px;\"><a href=\"\/uploads\/Product Photo\/Big-flake-seaweed-extract-3-6mm.jpg\" target=\"_blank\" rel=\"noopener noreferrer\"><img fetchpriority=\"high\" decoding=\"async\" class=\"aligncenter\" style=\"width: 260px; height: 195px;\" title=\"Big flake seaweed extract 3-6 mm\" src=\"\/uploads\/Product Photo\/Big-flake-seaweed-extract-3-6mm.jpg\" alt=\"Big flake seaweed extract 3-6 mm\" width=\"1920\" height=\"1440\" \/><\/a><\/span><\/div>\n<div style=\"text-align: center;\"><span style=\"font-size: 14px;\">Seaweed Extract Flake 3-6mm<\/span><\/div>\n<\/td>\n<td>\n<div style=\"text-align: center;\"><a style=\"font-size: 14px;\" href=\"\/uploads\/Product Photo\/Small-thick-flake-seaweed-extract.jpg\" target=\"_blank\" rel=\"noopener noreferrer\"><img decoding=\"async\" class=\"aligncenter\" style=\"width: 260px; height: 195px;\" src=\"\/uploads\/Product Photo\/Small-thick-flake-seaweed-extract.jpg\" alt=\"Small thick flake seaweed extract\" \/><\/a><\/div>\n<div style=\"text-align: center;\"><span style=\"font-size: 14px;\">Seaweed Extract Flake 2-4mm<\/span><\/div>\n<\/td>\n<td>\n<div style=\"text-align: center;\"><span style=\"font-size: 14px;\"><a href=\"\/uploads\/Product Photo\/humate-powder.jpg\" target=\"_blank\" rel=\"noopener noreferrer\"><img decoding=\"async\" class=\"aligncenter\" style=\"width: 260px; height: 195px;\" src=\"\/uploads\/Product Photo\/humate-powder.jpg\" alt=\"Seaweed Extract Powder\" \/><\/a><\/span><\/div>\n<div style=\"text-align: center;\"><span style=\"font-size: 14px;\">Seaweed Extract Powder<\/span><\/div>\n<\/td>\n<\/tr>\n<\/tbody>\n<\/table>\n<p>See details on YouTube: <a href=\"https:\/\/youtu.be\/IBTo9iI9fcM\" target=\"_blank\" rel=\"noopener noreferrer\">https:\/\/youtu.be\/IBTo9iI9fcM\u00a0<\/a><\/p>\n<h2><span style=\"font-size: 14px;\">Main Specification<\/span><\/h2>\n<table style=\"table-layout: fixed;\" border=\"1\" width=\"100%\" cellspacing=\"0\" cellpadding=\"2\">\n<tbody>\n<tr>\n<th style=\"width: 206px;\" scope=\"row\"><span style=\"font-size: 14px;\">ITEMS<\/span><\/th>\n<td style=\"width: 510px; text-align: center;\"><span style=\"font-size: 14px;\">RESULTS<\/span><\/td>\n<\/tr>\n<tr>\n<th style=\"width: 206px;\" scope=\"row\"><span style=\"font-size: 14px;\">Product code<\/span><\/th>\n<td style=\"width: 510px; text-align: center;\"><span style=\"font-size: 14px;\">JFHA-SE-1-F\/P<\/span><\/td>\n<\/tr>\n<tr>\n<th style=\"width: 206px;\" scope=\"row\"><span style=\"font-size: 14px;\">Appearance<\/span><\/th>\n<td style=\"width: 510px; text-align: center;\"><span style=\"font-size: 14px;\">Black Flake\/Powder<\/span><\/td>\n<\/tr>\n<tr>\n<th style=\"width: 206px;\" scope=\"row\"><span style=\"font-size: 14px;\">Solubility in water \u00a0<\/span><\/th>\n<td style=\"width: 510px; text-align: center;\"><span style=\"font-size: 14px;\">100%w\/w<\/span><\/td>\n<\/tr>\n<tr>\n<th style=\"width: 206px;\" scope=\"row\"><span style=\"font-size: 14px;\">PH<\/span><\/th>\n<td style=\"width: 510px; text-align: center;\"><span style=\"font-size: 14px;\">8-11<\/span><\/td>\n<\/tr>\n<tr>\n<th style=\"width: 206px;\" scope=\"row\"><span style=\"font-size: 14px;\">Organic matter<\/span><\/th>\n<td style=\"width: 510px; text-align: center;\"><span style=\"font-size: 14px;\">\u226550%w\/w<\/span><\/td>\n<\/tr>\n<tr>\n<th style=\"width: 206px;\" scope=\"row\"><span style=\"font-size: 14px;\">Alginic acid \u00a0<\/span><\/th>\n<td style=\"width: 510px; text-align: center;\"><span style=\"font-size: 14px;\">\u226520%w\/w<\/span><\/td>\n<\/tr>\n<tr>\n<th style=\"width: 206px;\" scope=\"row\"><span style=\"font-size: 14px;\">Seaweed polysaccharides\u00a0\u00a0<\/span><\/th>\n<td style=\"width: 510px; text-align: center;\"><span style=\"font-size: 14px;\">\u226535%w\/w<\/span><\/td>\n<\/tr>\n<tr>\n<th style=\"width: 206px;\" scope=\"row\"><span style=\"font-size: 14px;\">Amino acids<\/span><\/th>\n<td style=\"width: 510px; text-align: center;\"><span style=\"font-size: 14px;\">\u22651.5%w\/w<\/span><\/td>\n<\/tr>\n<tr>\n<th style=\"width: 206px;\" scope=\"row\"><span style=\"font-size: 14px;\">Nitrogen <\/span><\/th>\n<td style=\"width: 510px; text-align: center;\"><span style=\"font-size: 14px;\">\u22650.5 %w\/w<\/span><\/td>\n<\/tr>\n<tr>\n<th style=\"width: 206px;\" scope=\"row\"><span style=\"font-size: 14px;\">Phosphorus(P205) \u00a0<\/span><\/th>\n<td style=\"width: 510px; text-align: center;\"><span style=\"font-size: 14px;\">\u22652%w\/w<\/span><\/td>\n<\/tr>\n<tr>\n<th style=\"width: 206px;\" scope=\"row\"><span style=\"font-size: 14px;\">Potassium(K20) \u00a0<\/span><\/th>\n<td style=\"width: 510px; text-align: center;\"><span style=\"font-size: 14px;\">\u226520%w\/w<\/span><\/td>\n<\/tr>\n<tr>\n<th style=\"width: 206px;\" scope=\"row\"><span style=\"font-size: 14px;\">Moisture(H20) \u00a0<\/span><\/th>\n<td style=\"width: 510px; text-align: center;\"><span style=\"font-size: 14px;\">\u22645%w\/w<\/span><\/td>\n<\/tr>\n<tr>\n<th style=\"width: 206px;\" scope=\"row\"><span style=\"font-size: 14px;\">Test Report<\/span><\/th>\n<td style=\"width: 510px; text-align: center;\"><a href=\"https:\/\/www.humicchina.com\/wp-content\/uploads\/2024\/04\/COA-seaweed-extract-20.pdf\" target=\"_blank\" rel=\"attachment noopener wp-att-8346 noreferrer\">COA seaweed extract 20%<\/a><\/td>\n<\/tr>\n<\/tbody>\n<\/table>\n<h2><span style=\"font-size: 14px;\">Seaweed Extract Flakes \/ Powder <\/span><span style=\"font-size: 14px;\">Main Function<\/span><\/h2>\n<ol>\n<li><span style=\"font-size: 14px;\">Supply organic nitrogen, increase soil fertility.<\/span><\/li>\n<li><span style=\"font-size: 14px;\">Enhances crop\u2019s resistance.<\/span><\/li>\n<li><span style=\"font-size: 14px;\">Promotes cell elongation and tissue differentiation.<\/span><\/li>\n<li><span style=\"font-size: 14px;\">Speed up the enzyme metabolism and lignin formation.<\/span><\/li>\n<li><span style=\"font-size: 14px;\">Carbohydrate transport and protein metabolism.<\/span><\/li>\n<li><span style=\"font-size: 14px;\">Promotes root growth and development.<\/span><\/li>\n<li><span style=\"font-size: 14px;\">Promotes pollen germination and pollen tube growth.<\/span><\/li>\n<li><span style=\"font-size: 14px;\">Accelerates flower bud differentiation, Promotes to keep good shape, bright and colorful peel, high sugar content.<\/span><\/li>\n<li><span style=\"font-size: 14px;\">Improves the ability of plants to fight against frost, cold, submersion and drought.<\/span><\/li>\n<\/ol>\n<h2><span style=\"font-size: 14px;\">Seaweed Extract Flakes \/ Powder <\/span><span style=\"font-size: 14px;\">Usage<\/span><\/h2>\n<ol>\n<li><span style=\"font-size: 14px;\">Dilute it with 3000-4000 times water, using for water flushing irrigation, drip irrigation and foliar spray.(Better to choose seaweed extract flakes)<\/span><\/li>\n<li><span style=\"font-size: 14px;\">Use it together with compound fertilizer in the percentage 1:100.<\/span><\/li>\n<li><span style=\"font-size: 14px;\">Strengthen the effect of pesticide and foliar fertilizer: Add it together to pesticide and foliar fertilizer liquid in the percentage: 1:5000.(Better to choose seaweed extract powder)<\/span><\/li>\n<\/ol>\n<h2><span style=\"font-size: 14px;\">Package<\/span><\/h2>\n<ol>\n<li>\n<div class=\"msg-content scaleable\">\n<div class=\"msg-text normal-text text-msg-over-hidden\">\n<div class=\"origin-content\">Supply ability : 1000 MT\/month<\/div>\n<\/div>\n<\/div>\n<\/li>\n<li><span style=\"font-size: 14px;\">1kg, 5kgs, 10kgs printing aluminium foil bag + 10kgs, 20kgs printing carton box.<\/span><\/li>\n<li><span style=\"font-size: 14px;\">20kgs\/25kg\u00a0woven\/paper bags\u00a0with\u00a0inner liner.<\/span><\/li>\n<li><span style=\"font-size: 14px;\">20kgs\/25kg color printing PP\/PE bags with inner liner.<\/span><\/li>\n<li><span style=\"font-size: 14px;\">1MT,1.1MT jumbo bags with\u00a0discharge hole.<\/span><\/li>\n<li><span style=\"font-size: 14px;\">According\u00a0to\u00a0customer\u2019s requirement.<\/span><\/li>\n<\/ol>\n<h2><span style=\"font-size: 14px;\">Advantage<\/span><\/h2>\n<ol>\n<li>The nutrition is comprehensive, and the plant grows evenly after application.<\/li>\n<li>Activated trace elements are conducive to the absorption of trace elements by plants.<\/li>\n<li>The dosage is small and the effect is good.<\/li>\n<li>Enhance plant resistance to stress, improve plant resistance to drought, cold, pests and diseases, etc. Foliar spraying can improve the effect of pesticides.<\/li>\n<li>Natural seaweed extract is safe and environmentally friendly, effectively improving soil properties, and has no toxic side effects to humans and animals.<\/li>\n<\/ol>\n\n<p>\u00a0<\/p>\n\t\t\t\t\t\t\t\t<\/div>\n\t\t\t\t<\/div>\n\t\t\t\t\t<\/div>\n\t\t<\/div>\n\t\t\t\t\t<\/div>\n\t\t<\/section>\n\t\t\t\t<\/div>\n\t\t","protected":false},"excerpt":{"rendered":"<p>JINGFENG HUMIC ACID\u00a0 > Ph\u00e2n b\u00f3n chi\u1ebft xu\u1ea5t rong bi\u1ec3n 20% Nguy\u00ean li\u1ec7u th\u00f4 c\u1ee7a chi\u1ebft xu\u1ea5t rong bi\u1ec3n 20% l\u00e0 t\u1ea3o b\u1eb9 v\u00e0 rong n\u00e2u. Sau khi \u0111\u01b0\u1ee3c x\u1eed l\u00fd b\u1eb1ng ph\u01b0\u01a1ng ph\u00e1p nghi\u1ec1n v\u1eadt l\u00fd, chi\u1ebft xu\u1ea5t sinh h\u00f3a, c\u00f4 \u0111\u1eb7c h\u1ea5p th\u1ee5, s\u1ea5y m\u00e0ng, v.v., s\u1ea3n ph\u1ea9m cu\u1ed1i c\u00f9ng \u0111\u01b0\u1ee3c s\u1ea3n xu\u1ea5t [&hellip;]<\/p>\n","protected":false},"author":1,"featured_media":10453,"parent":0,"menu_order":0,"comment_status":"open","ping_status":"closed","template":"","meta":{"footnotes":""},"class_list":["post-7223","page","type-page","status-publish","has-post-thumbnail","hentry"],"yoast_head":"<!-- This site is optimized with the Yoast SEO Premium plugin v26.3 (Yoast SEO v26.3) - https:\/\/yoast.com\/wordpress\/plugins\/seo\/ -->\n<title>20% Seaweed Extract Flakes Fertilizers and Powder | JINGFENG<\/title>\n<meta name=\"description\" content=\"The raw materials of 20% seaweed extract flakes are kelp and brown alga. These product is finally made to seaweed extract flakes or powder by JINGFENG.\" \/>\n<meta name=\"robots\" content=\"index, follow, max-snippet:-1, max-image-preview:large, max-video-preview:-1\" \/>\n<link rel=\"canonical\" href=\"https:\/\/www.humicchina.com\/vi\/20-seaweed-extract\" \/>\n<meta property=\"og:locale\" content=\"vi_VN\" \/>\n<meta property=\"og:locale:alternate\" content=\"en_US\" \/>\n<meta property=\"og:locale:alternate\" content=\"ja_JP\" \/>\n<meta property=\"og:locale:alternate\" content=\"ko_KR\" \/>\n<meta property=\"og:locale:alternate\" content=\"es_ES\" \/>\n<meta property=\"og:locale:alternate\" content=\"ar_SA\" \/>\n<meta property=\"og:locale:alternate\" content=\"th_TH\" \/>\n<meta property=\"og:locale:alternate\" content=\"tr_TR\" \/>\n<meta property=\"og:locale:alternate\" content=\"ru_RU\" \/>\n<meta property=\"og:locale:alternate\" content=\"pt_BR\" \/>\n<meta property=\"og:type\" content=\"article\" \/>\n<meta property=\"og:title\" content=\"20% Seaweed Extract Flakes Fertilizer\" \/>\n<meta property=\"og:description\" content=\"The raw materials of 20% seaweed extract flakes are kelp and brown alga. These product is finally made to seaweed extract flakes or powder by JINGFENG.\" \/>\n<meta property=\"og:url\" content=\"https:\/\/www.humicchina.com\/vi\/20-seaweed-extract\" \/>\n<meta property=\"og:site_name\" content=\"Humic Acid, Seaweed extract, Amino acid Manufacturer\" \/>\n<meta property=\"article:publisher\" content=\"https:\/\/www.facebook.com\/JINGFENGHUMIC\" \/>\n<meta property=\"article:modified_time\" content=\"2025-12-09T12:03:52+00:00\" \/>\n<meta property=\"og:image\" content=\"https:\/\/www.humicchina.com\/wp-content\/uploads\/2020\/07\/1.jpg\" \/>\n\t<meta property=\"og:image:width\" content=\"204\" \/>\n\t<meta property=\"og:image:height\" content=\"153\" \/>\n\t<meta property=\"og:image:type\" content=\"image\/jpeg\" \/>\n<meta name=\"twitter:card\" content=\"summary_large_image\" \/>\n<meta name=\"twitter:site\" content=\"@JINGFENG_HUMIC\" \/>\n<meta name=\"twitter:label1\" content=\"Est. reading time\" \/>\n\t<meta name=\"twitter:data1\" content=\"4 ph\u00fat\" \/>\n<script type=\"application\/ld+json\" class=\"yoast-schema-graph\">{\"@context\":\"https:\/\/schema.org\",\"@graph\":[{\"@type\":\"WebPage\",\"@id\":\"https:\/\/www.humicchina.com\/20-seaweed-extract\",\"url\":\"https:\/\/www.humicchina.com\/20-seaweed-extract\",\"name\":\"20% Seaweed Extract Flakes Fertilizers and Powder | JINGFENG\",\"isPartOf\":{\"@id\":\"https:\/\/www.humicchina.com\/#website\"},\"primaryImageOfPage\":{\"@id\":\"https:\/\/www.humicchina.com\/20-seaweed-extract#primaryimage\"},\"image\":{\"@id\":\"https:\/\/www.humicchina.com\/20-seaweed-extract#primaryimage\"},\"thumbnailUrl\":\"https:\/\/www.humicchina.com\/wp-content\/uploads\/2020\/07\/1.jpg\",\"datePublished\":\"2019-11-11T05:53:39+00:00\",\"dateModified\":\"2025-12-09T12:03:52+00:00\",\"description\":\"The raw materials of 20% seaweed extract flakes are kelp and brown alga. These product is finally made to seaweed extract flakes or powder by JINGFENG.\",\"inLanguage\":\"vi\",\"potentialAction\":[{\"@type\":\"ReadAction\",\"target\":[\"https:\/\/www.humicchina.com\/20-seaweed-extract\"]}]},{\"@type\":\"ImageObject\",\"inLanguage\":\"vi\",\"@id\":\"https:\/\/www.humicchina.com\/20-seaweed-extract#primaryimage\",\"url\":\"https:\/\/www.humicchina.com\/wp-content\/uploads\/2020\/07\/1.jpg\",\"contentUrl\":\"https:\/\/www.humicchina.com\/wp-content\/uploads\/2020\/07\/1.jpg\",\"width\":204,\"height\":153},{\"@type\":\"WebSite\",\"@id\":\"https:\/\/www.humicchina.com\/#website\",\"url\":\"https:\/\/www.humicchina.com\/\",\"name\":\"Humic Acid, Seaweed extract, Amino acid Manufacturer\",\"description\":\"\",\"publisher\":{\"@id\":\"https:\/\/www.humicchina.com\/#organization\"},\"potentialAction\":[{\"@type\":\"SearchAction\",\"target\":{\"@type\":\"EntryPoint\",\"urlTemplate\":\"https:\/\/www.humicchina.com\/?s={search_term_string}\"},\"query-input\":{\"@type\":\"PropertyValueSpecification\",\"valueRequired\":true,\"valueName\":\"search_term_string\"}}],\"inLanguage\":\"vi\"},{\"@type\":\"Organization\",\"@id\":\"https:\/\/www.humicchina.com\/#organization\",\"name\":\"JINGFENG HUMIC ACID\",\"url\":\"https:\/\/www.humicchina.com\/\",\"logo\":{\"@type\":\"ImageObject\",\"inLanguage\":\"vi\",\"@id\":\"https:\/\/www.humicchina.com\/#\/schema\/logo\/image\/\",\"url\":\"https:\/\/www.humicchina.com\/wp-content\/uploads\/2019\/11\/JINGFENG-512-512.png\",\"contentUrl\":\"https:\/\/www.humicchina.com\/wp-content\/uploads\/2019\/11\/JINGFENG-512-512.png\",\"width\":512,\"height\":512,\"caption\":\"JINGFENG HUMIC ACID\"},\"image\":{\"@id\":\"https:\/\/www.humicchina.com\/#\/schema\/logo\/image\/\"},\"sameAs\":[\"https:\/\/www.facebook.com\/JINGFENGHUMIC\",\"https:\/\/x.com\/JINGFENG_HUMIC\"]}]}<\/script>\n<!-- \/ Yoast SEO Premium plugin. -->","yoast_head_json":{"title":"20% Seaweed Extract Flakes Fertilizers and Powder | JINGFENG","description":"The raw materials of 20% seaweed extract flakes are kelp and brown alga. These product is finally made to seaweed extract flakes or powder by JINGFENG.","robots":{"index":"index","follow":"follow","max-snippet":"max-snippet:-1","max-image-preview":"max-image-preview:large","max-video-preview":"max-video-preview:-1"},"canonical":"https:\/\/www.humicchina.com\/vi\/20-seaweed-extract","og_locale":"vi_VN","og_type":"article","og_title":"[:en]20% Seaweed Extract Flakes Fertilizer[:ja]20% Seaweed Extract Flakes Fertilizer[:ko]20% Seaweed Extract Flakes Fertilizer[:es]20% Seaweed Extract Flakes Fertilizer[:vi]20% Seaweed Extract Flakes Fertilizer[:th]20% Seaweed Extract Flakes Fertilizer[:ru]20% Seaweed Extract Flakes Fertilizer[:pt]20% Seaweed Extract Flakes Fertilizer[:]","og_description":"The raw materials of 20% seaweed extract flakes are kelp and brown alga. These product is finally made to seaweed extract flakes or powder by JINGFENG.","og_url":"https:\/\/www.humicchina.com\/vi\/20-seaweed-extract","og_site_name":"Humic Acid, Seaweed extract, Amino acid Manufacturer","article_publisher":"https:\/\/www.facebook.com\/JINGFENGHUMIC","article_modified_time":"2025-12-09T12:03:52+00:00","og_image":[{"width":204,"height":153,"url":"https:\/\/www.humicchina.com\/wp-content\/uploads\/2020\/07\/1.jpg","type":"image\/jpeg"}],"twitter_card":"summary_large_image","twitter_site":"@JINGFENG_HUMIC","twitter_misc":{"Est. reading time":"4 ph\u00fat"},"schema":{"@context":"https:\/\/schema.org","@graph":[{"@type":"WebPage","@id":"https:\/\/www.humicchina.com\/20-seaweed-extract","url":"https:\/\/www.humicchina.com\/20-seaweed-extract","name":"20% Seaweed Extract Flakes Fertilizers and Powder | JINGFENG","isPartOf":{"@id":"https:\/\/www.humicchina.com\/#website"},"primaryImageOfPage":{"@id":"https:\/\/www.humicchina.com\/20-seaweed-extract#primaryimage"},"image":{"@id":"https:\/\/www.humicchina.com\/20-seaweed-extract#primaryimage"},"thumbnailUrl":"https:\/\/www.humicchina.com\/wp-content\/uploads\/2020\/07\/1.jpg","datePublished":"2019-11-11T05:53:39+00:00","dateModified":"2025-12-09T12:03:52+00:00","description":"The raw materials of 20% seaweed extract flakes are kelp and brown alga. These product is finally made to seaweed extract flakes or powder by JINGFENG.","inLanguage":"vi","potentialAction":[{"@type":"ReadAction","target":["https:\/\/www.humicchina.com\/20-seaweed-extract"]}]},{"@type":"ImageObject","inLanguage":"vi","@id":"https:\/\/www.humicchina.com\/20-seaweed-extract#primaryimage","url":"https:\/\/www.humicchina.com\/wp-content\/uploads\/2020\/07\/1.jpg","contentUrl":"https:\/\/www.humicchina.com\/wp-content\/uploads\/2020\/07\/1.jpg","width":204,"height":153},{"@type":"WebSite","@id":"https:\/\/www.humicchina.com\/#website","url":"https:\/\/www.humicchina.com\/","name":"Humic Acid, Seaweed extract, Amino acid Manufacturer","description":"","publisher":{"@id":"https:\/\/www.humicchina.com\/#organization"},"potentialAction":[{"@type":"SearchAction","target":{"@type":"EntryPoint","urlTemplate":"https:\/\/www.humicchina.com\/?s={search_term_string}"},"query-input":{"@type":"PropertyValueSpecification","valueRequired":true,"valueName":"search_term_string"}}],"inLanguage":"vi"},{"@type":"Organization","@id":"https:\/\/www.humicchina.com\/#organization","name":"JINGFENG HUMIC ACID","url":"https:\/\/www.humicchina.com\/","logo":{"@type":"ImageObject","inLanguage":"vi","@id":"https:\/\/www.humicchina.com\/#\/schema\/logo\/image\/","url":"https:\/\/www.humicchina.com\/wp-content\/uploads\/2019\/11\/JINGFENG-512-512.png","contentUrl":"https:\/\/www.humicchina.com\/wp-content\/uploads\/2019\/11\/JINGFENG-512-512.png","width":512,"height":512,"caption":"JINGFENG HUMIC ACID"},"image":{"@id":"https:\/\/www.humicchina.com\/#\/schema\/logo\/image\/"},"sameAs":["https:\/\/www.facebook.com\/JINGFENGHUMIC","https:\/\/x.com\/JINGFENG_HUMIC"]}]}},"_links":{"self":[{"href":"https:\/\/www.humicchina.com\/vi\/wp-json\/wp\/v2\/pages\/7223","targetHints":{"allow":["GET"]}}],"collection":[{"href":"https:\/\/www.humicchina.com\/vi\/wp-json\/wp\/v2\/pages"}],"about":[{"href":"https:\/\/www.humicchina.com\/vi\/wp-json\/wp\/v2\/types\/page"}],"author":[{"embeddable":true,"href":"https:\/\/www.humicchina.com\/vi\/wp-json\/wp\/v2\/users\/1"}],"replies":[{"embeddable":true,"href":"https:\/\/www.humicchina.com\/vi\/wp-json\/wp\/v2\/comments?post=7223"}],"version-history":[{"count":3,"href":"https:\/\/www.humicchina.com\/vi\/wp-json\/wp\/v2\/pages\/7223\/revisions"}],"predecessor-version":[{"id":17727,"href":"https:\/\/www.humicchina.com\/vi\/wp-json\/wp\/v2\/pages\/7223\/revisions\/17727"}],"wp:featuredmedia":[{"embeddable":true,"href":"https:\/\/www.humicchina.com\/vi\/wp-json\/wp\/v2\/media\/10453"}],"wp:attachment":[{"href":"https:\/\/www.humicchina.com\/vi\/wp-json\/wp\/v2\/media?parent=7223"}],"curies":[{"name":"wp","href":"https:\/\/api.w.org\/{rel}","templated":true}]}}