{"id":7243,"date":"2019-11-11T14:04:04","date_gmt":"2019-11-11T06:04:04","guid":{"rendered":"https:\/\/www.humicchina.com\/?page_id=7243"},"modified":"2025-12-30T01:30:03","modified_gmt":"2025-12-29T17:30:03","slug":"80-plant-source-amino-acid","status":"publish","type":"page","link":"https:\/\/www.humicchina.com\/vi\/80-plant-source-amino-acid","title":{"rendered":"80% Plant source amino acid fertilizer"},"content":{"rendered":"\t\t<div data-elementor-type=\"wp-page\" data-elementor-id=\"7243\" class=\"elementor elementor-7243\" data-elementor-post-type=\"page\">\n\t\t\t\t\t\t<section class=\"elementor-section elementor-top-section elementor-element elementor-element-24ff11c pbmit-col-stretched-none pbmit-bg-color-over-image elementor-section-boxed elementor-section-height-default elementor-section-height-default\" data-id=\"24ff11c\" data-element_type=\"section\">\n\t\t\t\t\t\t<div class=\"elementor-container elementor-column-gap-default\">\n\t\t\t\t\t<div class=\"elementor-column elementor-col-50 elementor-top-column elementor-element elementor-element-3f707b4 pbmit-bg-color-over-image\" data-id=\"3f707b4\" data-element_type=\"column\">\n\t\t\t<div class=\"elementor-widget-wrap elementor-element-populated\">\n\t\t\t\t\t\t<div class=\"elementor-element elementor-element-6c185ee elementor-widget elementor-widget-text-editor\" data-id=\"6c185ee\" data-element_type=\"widget\" data-widget_type=\"text-editor.default\">\n\t\t\t\t<div class=\"elementor-widget-container\">\n\t\t\t\t\t\t\t\t\t<p><a class=\"home\" title=\"Go to JINGFENG HUMIC ACID.\" href=\"https:\/\/www.humicchina.com\/\" rel=\"nofollow\">JINGFENG HUMIC ACID<\/a>\u00a0 &gt; 80% Plant source amino acid fertilizer<\/p>\t\t\t\t\t\t\t\t<\/div>\n\t\t\t\t<\/div>\n\t\t\t\t\t<\/div>\n\t\t<\/div>\n\t\t\t\t<div class=\"elementor-column elementor-col-50 elementor-top-column elementor-element elementor-element-6cd0267 pbmit-bg-color-over-image\" data-id=\"6cd0267\" data-element_type=\"column\">\n\t\t\t<div class=\"elementor-widget-wrap\">\n\t\t\t\t\t\t\t<\/div>\n\t\t<\/div>\n\t\t\t\t\t<\/div>\n\t\t<\/section>\n\t\t\t\t<section class=\"elementor-section elementor-top-section elementor-element elementor-element-2e1ef6f pbmit-col-stretched-none pbmit-bg-color-over-image elementor-section-boxed elementor-section-height-default elementor-section-height-default\" data-id=\"2e1ef6f\" data-element_type=\"section\">\n\t\t\t\t\t\t<div class=\"elementor-container elementor-column-gap-default\">\n\t\t\t\t\t<div class=\"elementor-column elementor-col-33 elementor-top-column elementor-element elementor-element-2d796e2 pbmit-bg-color-over-image\" data-id=\"2d796e2\" data-element_type=\"column\">\n\t\t\t<div class=\"elementor-widget-wrap elementor-element-populated\">\n\t\t\t\t\t\t<div class=\"elementor-element elementor-element-d9ded53 elementor-widget elementor-widget-sidebar\" data-id=\"d9ded53\" data-element_type=\"widget\" data-widget_type=\"sidebar.default\">\n\t\t\t\t<div class=\"elementor-widget-container\">\n\t\t\t\t\t<aside id=\"block-20\" class=\"widget widget_block\"><\/aside><aside id=\"block-45\" class=\"widget widget_block\"><\/aside><aside id=\"text-10\" class=\"pbmit-download-content widget widget_text\">\t\t\t<div class=\"textwidget\"><div class=\"download\">\n<div class=\"item-download\"><a href=\"https:\/\/www.humicchina.com\/wp-content\/uploads\/2025\/05\/JINGFENG-HUMIC-ACID-20250314.pptx\" target=\"_blank\" rel=\"noopener noreferrer\"><span class=\"pbmit-download-content\"><i class=\"pbmit-base-icon-doc-file-format\"><\/i> Product Catalog <\/span><i class=\"pbminfotech-base-icons pbmit-righticon pbmit-base-icon-download\"><\/i><\/a><\/div>\n<\/div>\n<\/div>\n\t\t<\/aside><aside id=\"text-7\" style=\"background-image:url('http:\/\/agrimo-demo.pbminfotech.com\/datasite\/wp-content\/uploads\/sites\/5\/2024\/04\/ads-bg-img.jpg');\" class=\"pbmit-widget-padding widget widget_text\">\t\t\t<div class=\"textwidget\"><div class=\"pbmit-service-ads\">\n<h4 class=\"pbmit-ads-subtitle\">Innovative Solutions<\/h4>\n<div class=\"pbmit-btn\"><a href=\"\/contact-us\"><span class=\"pbmit-button-text\">Send Inquiry now<\/span><i class=\"pbmit-base-icon-black-arrow-1\"><\/i><\/a><\/div>\n<\/div>\n<\/div>\n\t\t<\/aside>\t\t\t\t<\/div>\n\t\t\t\t<\/div>\n\t\t\t\t\t<\/div>\n\t\t<\/div>\n\t\t\t\t<div class=\"elementor-column elementor-col-66 elementor-top-column elementor-element elementor-element-881613c pbmit-bg-color-over-image\" data-id=\"881613c\" data-element_type=\"column\">\n\t\t\t<div class=\"elementor-widget-wrap elementor-element-populated\">\n\t\t\t\t\t\t<div class=\"elementor-element elementor-element-4aa56f8c elementor-widget elementor-widget-text-editor\" data-id=\"4aa56f8c\" data-element_type=\"widget\" data-widget_type=\"text-editor.default\">\n\t\t\t\t<div class=\"elementor-widget-container\">\n\t\t\t\t\t\t\t\t\t<p><span style=\"font-size: 14px;\">The raw materials for the production of <strong>80%\u00a0plant source amino acids<\/strong> are soybean or soybean meal. Rich in amino acids, nitrogen and organic matter, used as fertilizer directly, can be flushed, sprayed, the effect is remarkable. <\/span><\/p><p><span style=\"font-size: 14px;\">Fully soluble in water, suitable for drip irrigation, flushing, Foliar spraying, etc., wide range of application, can promote balanced growth of plants, balanced nutrition, improve yield, enhance\u00a0quality. At the same time, the product is widely used in aquaculture and feed additive industry because of its rich content of many elements, easy to be absorbed by organisms, and after spray drying, the physical and chemical properties of large volume and light weight, widely used in aquaculture and feed additive industry.<\/span><\/p><h2><span style=\"font-size: 14px;\">80% Plant Source Amino Acid Mean Specifications<\/span><\/h2><p><img fetchpriority=\"high\" decoding=\"async\" class=\"alignleft wp-image-13611\" src=\"https:\/\/www.humicchina.com\/wp-content\/uploads\/2024\/04\/plant-source-amino-acid-80-225x225.png\" alt=\"\" width=\"400\" height=\"400\" srcset=\"https:\/\/www.humicchina.com\/wp-content\/uploads\/2024\/04\/plant-source-amino-acid-80-225x225.png 225w, https:\/\/www.humicchina.com\/wp-content\/uploads\/2024\/04\/plant-source-amino-acid-80-150x150.png 150w, https:\/\/www.humicchina.com\/wp-content\/uploads\/2024\/04\/plant-source-amino-acid-80-768x768.png 768w, https:\/\/www.humicchina.com\/wp-content\/uploads\/2024\/04\/plant-source-amino-acid-80.png 900w\" sizes=\"(max-width: 400px) 100vw, 400px\" \/><\/p><table style=\"table-layout: fixed;\" border=\"1\" width=\"100%\" cellspacing=\"0\" cellpadding=\"2\"><tbody><tr><td style=\"text-align: center;\" rowspan=\"1\"><span style=\"font-size: 14px; font-weight: bold;\">Specification<\/span><\/td><td style=\"text-align: center;\" rowspan=\"1\"><span style=\"font-size: 14px;\">Standard<\/span><\/td><\/tr><tr><td style=\"text-align: center;\" rowspan=\"1\"><span style=\"font-size: 14px; font-weight: bold;\">Name<\/span><\/td><td style=\"text-align: center;\" rowspan=\"1\"><span style=\"font-size: 14px;\">80% Plant source amino acid<\/span><\/td><\/tr><tr><td style=\"text-align: center;\"><span style=\"font-size: 14px;\">Appearance<\/span><\/td><td style=\"text-align: center;\"><span style=\"font-size: 14px;\">Light Yellow Powder<\/span><\/td><\/tr><tr><th style=\"text-align: center;\" scope=\"row\"><span style=\"font-size: 14px;\">Total Amino Acid<\/span><\/th><td style=\"text-align: center;\"><span style=\"font-size: 14px;\">80% min<\/span><\/td><\/tr><tr><th style=\"text-align: center;\" scope=\"row\"><span style=\"font-size: 14px;\">Moisture<\/span><\/th><td style=\"text-align: center;\"><span style=\"font-size: 14px;\">5% max<\/span><\/td><\/tr><tr><th style=\"text-align: center;\" scope=\"row\"><span style=\"font-size: 14px;\">Amino Nitrogen<\/span><\/th><td style=\"text-align: center;\"><span style=\"font-size: 14px;\">12% min<\/span><\/td><\/tr><tr><th style=\"text-align: center;\" scope=\"row\"><span style=\"font-size: 14px;\">Ph<\/span><\/th><td style=\"text-align: center;\"><span style=\"font-size: 14px;\">5-7<\/span><\/td><\/tr><tr><th style=\"text-align: center;\" scope=\"row\"><span style=\"font-size: 14px;\">Water Solubility<\/span><\/th><td style=\"text-align: center;\"><span style=\"font-size: 14px;\">100%<\/span><\/td><\/tr><\/tbody><\/table><p><span style=\"font-size: 14px;\">We are supplying other contents of amino acid:\u00a0<\/span><a href=\"https:\/\/www.humicchina.com\/30-animal-source-amino-acid\" target=\"_blank\" rel=\"noopener noreferrer\">30% Animal Source Amino Acid<\/a>,<a href=\"https:\/\/www.humicchina.com\/45-animal-source-amino-acid\" target=\"_blank\" rel=\"noopener noreferrer\">45% Animal Source Amino Acid<\/a>,<a href=\"https:\/\/www.humicchina.com\/50-plant-source-amino-acid\" target=\"_blank\" rel=\"noopener noreferrer\">50% Plant source amino acid<\/a>,<a href=\"https:\/\/www.humicchina.com\/70-plant-source-amino-acid\" target=\"_blank\" rel=\"noopener noreferrer\">70% Plant source amino acid<\/a>.<\/p><h2><span style=\"font-size: 14px;\">80% Plant Source <\/span><span style=\"font-size: 14px;\">Amino Acid Fertilizer <\/span><span style=\"font-size: 14px;\">Application<\/span><\/h2><h3><span style=\"font-size: 14px;\">a)\u00a0Main function<\/span><\/h3><ol><li><span style=\"font-size: 14px;\">Chelate soil nutrients, stimulate root growth, make crops stable, strong, high fertilizer utilization and significant yield.<\/span><\/li><li><span style=\"font-size: 14px;\">Improve the photosynthetic performance of crops, promote the transfer and transport of photosynthetic products, improve crop quality, promote their commodity performance.<\/span><\/li><li><span style=\"font-size: 14px;\">The microenvironment of crop rhizosphere was improved, the occurrence of soil-borne diseases was restrained, and the effect of resistance to continuous cropping was obvious.<\/span><\/li><li><span style=\"font-size: 14px;\">Combined application with inorganic fertilizer can increase the synergistic effect of nutrients, and the effect of crop yield increase is very significant.<\/span><\/li><li><span style=\"font-size: 14px;\">Long-term application, make the soil porous and loose, reduce the hardening degree of the soil,\u00a0improve the soil conservation and the water retention capacity of the soil.<\/span><\/li><li><span style=\"font-size: 14px;\">This series of products is the ecological organic fertilizer that must be used in organic food base, green food base and pollution-free food base.<\/span><\/li><\/ol><h3><span style=\"font-size: 14px;\">b)\u00a0Range of application<\/span><\/h3><div><span style=\"font-size: 14px;\">Widely used in fruit trees, vegetables, garden flowers, Chinese medicinal materials and greenhouse crops. Especially suitable for pollution-free, green product production.<\/span><\/div><h3><span style=\"font-size: 14px;\">c)\u00a0Dosage and application<\/span><\/h3><ol><li><span style=\"font-size: 14px;\">Recommended dosage: base fertilizer, flushing 20-40kg\/665\u33a1, spraying 1-3kg \/665\u33a1<\/span><\/li><li><span style=\"font-size: 14px;\">Mixed with pesticides, mutual effect.<\/span><\/li><li><span style=\"font-size: 14px;\">Spraying effect is better before 10:00\u00a0a.m or after 4:00\u00a0p.m.<\/span><\/li><li><span style=\"font-size: 14px;\">Re-spray\u00a0in\u00a0case\u00a0of\u00a0rain\u00a0within\u00a02\u00a0hours\u00a0after\u00a0spraying<\/span><\/li><li><span style=\"font-size: 14px;\">Repeated application according to agricultural and nutritional needs during the growing season.<\/span><\/li><\/ol><h3><span style=\"font-size: 14px;\">d)\u00a0Packaging and storage<\/span><\/h3><ol><li><div class=\"msg-content scaleable\"><div class=\"msg-text normal-text text-msg-over-hidden\"><div class=\"origin-content\">Supply ability : 1000 MT\/month<\/div><\/div><\/div><\/li><li>1kg, 5kgs, 10kgs printing aluminium foil bag + 10kgs, 20kgs printing carton box.<\/li><li>20kgs\/25kg\u00a0woven\/paper bags\u00a0with\u00a0inner liner.<\/li><li>20kgs\/25kg color printing PP\/PE bags with inner liner.<\/li><li>1MT,1.1MT jumbo bags with\u00a0discharge hole.<\/li><li>According\u00a0to\u00a0customer\u2019s requirement.<\/li><\/ol><h2><span style=\"font-size: 14px;\">\u00a0The main effect of <\/span><span style=\"font-size: 14px;\">80% Plant Source Amino Acid<\/span><span style=\"font-size: 14px;\"> Feed Additive<\/span><\/h2><ol><li><span style=\"font-size: 14px;\">Increase fragrance and fresh, promote animal appetite. This product has the effect of enriching sauce flavor and fragrance on feed. The glutamic acid content of this product is nearly 5%. It has the effect of adjusting feed taste and promoting animal appetite.<\/span><\/li><li><span style=\"font-size: 14px;\">Rapid replenishment of animal nutrition and enhancement of feed utilization rate.<\/span><\/li><li><span style=\"font-size: 14px;\">Promote the growth of animal fur. This product is keratin hydrolysate, rich in cystine, tyrosine, serine and other amino acids conducive to the growth of animal fur. After eating, animals have ruddy skin and bright hair.<\/span><\/li><li><span style=\"font-size: 14px;\">It has certain adhesion ability and can enhance the setting of granule feed.\u00a0<\/span><\/li><\/ol><h2><span style=\"font-size: 14px;\">The Main Effect of <\/span><span style=\"font-size: 14px;\">80% Plant Source Amino Acid <\/span><span style=\"font-size: 14px;\">In Aquatic Products<\/span><\/h2><h3><span style=\"font-size: 14px;\">a)\u00a0Main function<\/span><\/h3><ol><li><span style=\"font-size: 14px;\">The effect of super energy of water fertilizer, especially low temperature, cloudy rain and no sunshine weather, is obviously better than that of other products.<\/span><\/li><li><span style=\"font-size: 14px;\">Amino acids is very suitable for the culture of plankton\u00a0and beneficial algae, and are more helpful for black aquatic young animals to provide stage palatable active food and promote rapid production and development.<\/span><\/li><li><span style=\"font-size: 14px;\">Less dosage, no environmental pollution, no hardening of the bottom of the tank,\u00a0completely water soluble, improved culture environment, environmental protection and high efficiency,<\/span><\/li><li><span style=\"font-size: 14px;\">Improve disease resistance,\u00a0insect pests resistance immunity, reduce mortality, promote rapid growth and development, improve yield and quality<\/span><\/li><\/ol><h3><span style=\"font-size: 14px;\">b)\u00a0Dosage<\/span><\/h3><ul><li><span style=\"font-size: 14px;\">Spilt the whole tank after being dissolved with water, and 0.5kg-0.8kg of the product is used for each 665\u33a1of 1-meter deep water tank.<\/span><\/li><\/ul><h2><span style=\"font-size: 14px;\">Note:<\/span><\/h2><ul><li><span style=\"font-size: 14px;\">This product absorbs moisture and\u00a0agglomerate, which is a normal\u00a0phenomenon and should be stored in a cool and dry place.<\/span><\/li><\/ul>\t\t\t\t\t\t\t\t<\/div>\n\t\t\t\t<\/div>\n\t\t\t\t\t<\/div>\n\t\t<\/div>\n\t\t\t\t\t<\/div>\n\t\t<\/section>\n\t\t\t\t<\/div>\n\t\t","protected":false},"excerpt":{"rendered":"<p>JINGFENG HUMIC ACID\u00a0 > Ph\u00e2n b\u00f3n ch\u1ee9a 80% axit amin c\u00f3 ngu\u1ed3n g\u1ed1c th\u1ef1c v\u1eadt Nguy\u00ean li\u1ec7u \u0111\u1ec3 s\u1ea3n xu\u1ea5t 80% axit amin ngu\u1ed3n g\u1ed1c th\u1ef1c v\u1eadt l\u00e0 \u0111\u1eadu n\u00e0nh ho\u1eb7c b\u1ed9t \u0111\u1eadu n\u00e0nh. Gi\u00e0u axit amin, nit\u01a1 v\u00e0 ch\u1ea5t h\u1eefu c\u01a1, c\u00f3 th\u1ec3 d\u00f9ng l\u00e0m ph\u00e2n b\u00f3n tr\u1ef1c ti\u1ebfp, t\u01b0\u1edbi nh\u1ecf gi\u1ecdt, phun, hi\u1ec7u [&hellip;]<\/p>\n","protected":false},"author":1,"featured_media":10451,"parent":0,"menu_order":0,"comment_status":"open","ping_status":"closed","template":"","meta":{"footnotes":""},"class_list":["post-7243","page","type-page","status-publish","has-post-thumbnail","hentry"],"yoast_head":"<!-- This site is optimized with the Yoast SEO Premium plugin v26.3 (Yoast SEO v26.3) - https:\/\/yoast.com\/wordpress\/plugins\/seo\/ -->\n<title>80% Plant source amino acid fertilizer<\/title>\n<meta name=\"description\" content=\"The raw materials for 80%\u00a0plant source amino acid are soybean. Rich in amino acids, nitrogen and organic matter, used as fertilizer directly.\" \/>\n<meta name=\"robots\" content=\"index, follow, max-snippet:-1, max-image-preview:large, max-video-preview:-1\" \/>\n<link rel=\"canonical\" href=\"https:\/\/www.humicchina.com\/vi\/80-plant-source-amino-acid\" \/>\n<meta property=\"og:locale\" content=\"vi_VN\" \/>\n<meta property=\"og:locale:alternate\" content=\"en_US\" \/>\n<meta property=\"og:locale:alternate\" content=\"ja_JP\" \/>\n<meta property=\"og:locale:alternate\" content=\"ko_KR\" \/>\n<meta property=\"og:locale:alternate\" content=\"es_ES\" \/>\n<meta property=\"og:locale:alternate\" content=\"ar_SA\" \/>\n<meta property=\"og:locale:alternate\" content=\"th_TH\" \/>\n<meta property=\"og:locale:alternate\" content=\"tr_TR\" \/>\n<meta property=\"og:locale:alternate\" content=\"ru_RU\" \/>\n<meta property=\"og:locale:alternate\" content=\"pt_BR\" \/>\n<meta property=\"og:type\" content=\"article\" \/>\n<meta property=\"og:title\" content=\"80% Plant source amino acid fertilizer\" \/>\n<meta property=\"og:description\" content=\"The raw materials for 80%\u00a0plant source amino acid are soybean. Rich in amino acids, nitrogen and organic matter, used as fertilizer directly.\" \/>\n<meta property=\"og:url\" content=\"https:\/\/www.humicchina.com\/vi\/80-plant-source-amino-acid\" \/>\n<meta property=\"og:site_name\" content=\"Humic Acid, Seaweed extract, Amino acid Manufacturer\" \/>\n<meta property=\"article:publisher\" content=\"https:\/\/www.facebook.com\/JINGFENGHUMIC\" \/>\n<meta property=\"article:modified_time\" content=\"2025-12-29T17:30:03+00:00\" \/>\n<meta property=\"og:image\" content=\"https:\/\/www.humicchina.com\/wp-content\/uploads\/2020\/07\/cover.jpg\" \/>\n\t<meta property=\"og:image:width\" content=\"204\" \/>\n\t<meta property=\"og:image:height\" content=\"153\" \/>\n\t<meta property=\"og:image:type\" content=\"image\/jpeg\" \/>\n<meta name=\"twitter:card\" content=\"summary_large_image\" \/>\n<meta name=\"twitter:site\" content=\"@JINGFENG_HUMIC\" \/>\n<meta name=\"twitter:label1\" content=\"Est. reading time\" \/>\n\t<meta name=\"twitter:data1\" content=\"5 ph\u00fat\" \/>\n<script type=\"application\/ld+json\" class=\"yoast-schema-graph\">{\"@context\":\"https:\/\/schema.org\",\"@graph\":[{\"@type\":\"WebPage\",\"@id\":\"https:\/\/www.humicchina.com\/80-plant-source-amino-acid\",\"url\":\"https:\/\/www.humicchina.com\/80-plant-source-amino-acid\",\"name\":\"80% Plant source amino acid fertilizer\",\"isPartOf\":{\"@id\":\"https:\/\/www.humicchina.com\/#website\"},\"primaryImageOfPage\":{\"@id\":\"https:\/\/www.humicchina.com\/80-plant-source-amino-acid#primaryimage\"},\"image\":{\"@id\":\"https:\/\/www.humicchina.com\/80-plant-source-amino-acid#primaryimage\"},\"thumbnailUrl\":\"https:\/\/www.humicchina.com\/wp-content\/uploads\/2020\/07\/cover.jpg\",\"datePublished\":\"2019-11-11T06:04:04+00:00\",\"dateModified\":\"2025-12-29T17:30:03+00:00\",\"description\":\"The raw materials for 80%\u00a0plant source amino acid are soybean. Rich in amino acids, nitrogen and organic matter, used as fertilizer directly.\",\"inLanguage\":\"vi\",\"potentialAction\":[{\"@type\":\"ReadAction\",\"target\":[\"https:\/\/www.humicchina.com\/80-plant-source-amino-acid\"]}]},{\"@type\":\"ImageObject\",\"inLanguage\":\"vi\",\"@id\":\"https:\/\/www.humicchina.com\/80-plant-source-amino-acid#primaryimage\",\"url\":\"https:\/\/www.humicchina.com\/wp-content\/uploads\/2020\/07\/cover.jpg\",\"contentUrl\":\"https:\/\/www.humicchina.com\/wp-content\/uploads\/2020\/07\/cover.jpg\",\"width\":204,\"height\":153},{\"@type\":\"WebSite\",\"@id\":\"https:\/\/www.humicchina.com\/#website\",\"url\":\"https:\/\/www.humicchina.com\/\",\"name\":\"Humic Acid, Seaweed extract, Amino acid Manufacturer\",\"description\":\"\",\"publisher\":{\"@id\":\"https:\/\/www.humicchina.com\/#organization\"},\"potentialAction\":[{\"@type\":\"SearchAction\",\"target\":{\"@type\":\"EntryPoint\",\"urlTemplate\":\"https:\/\/www.humicchina.com\/?s={search_term_string}\"},\"query-input\":{\"@type\":\"PropertyValueSpecification\",\"valueRequired\":true,\"valueName\":\"search_term_string\"}}],\"inLanguage\":\"vi\"},{\"@type\":\"Organization\",\"@id\":\"https:\/\/www.humicchina.com\/#organization\",\"name\":\"JINGFENG HUMIC ACID\",\"url\":\"https:\/\/www.humicchina.com\/\",\"logo\":{\"@type\":\"ImageObject\",\"inLanguage\":\"vi\",\"@id\":\"https:\/\/www.humicchina.com\/#\/schema\/logo\/image\/\",\"url\":\"https:\/\/www.humicchina.com\/wp-content\/uploads\/2019\/11\/JINGFENG-512-512.png\",\"contentUrl\":\"https:\/\/www.humicchina.com\/wp-content\/uploads\/2019\/11\/JINGFENG-512-512.png\",\"width\":512,\"height\":512,\"caption\":\"JINGFENG HUMIC ACID\"},\"image\":{\"@id\":\"https:\/\/www.humicchina.com\/#\/schema\/logo\/image\/\"},\"sameAs\":[\"https:\/\/www.facebook.com\/JINGFENGHUMIC\",\"https:\/\/x.com\/JINGFENG_HUMIC\"]}]}<\/script>\n<!-- \/ Yoast SEO Premium plugin. -->","yoast_head_json":{"title":"80% Plant source amino acid fertilizer","description":"The raw materials for 80%\u00a0plant source amino acid are soybean. Rich in amino acids, nitrogen and organic matter, used as fertilizer directly.","robots":{"index":"index","follow":"follow","max-snippet":"max-snippet:-1","max-image-preview":"max-image-preview:large","max-video-preview":"max-video-preview:-1"},"canonical":"https:\/\/www.humicchina.com\/vi\/80-plant-source-amino-acid","og_locale":"vi_VN","og_type":"article","og_title":"[:en]80% Plant source amino acid fertilizer[:ja]80% Plant source amino acid fertilizer[:ko]80% Plant source amino acid fertilizer[:es]80% Plant source amino acid fertilizer[:vi]80% Plant source amino acid fertilizer[:th]80% Plant source amino acid fertilizer[:ru]80% Plant source amino acid fertilizer[:pt]80% Plant source amino acid fertilizer[:]","og_description":"The raw materials for 80%\u00a0plant source amino acid are soybean. Rich in amino acids, nitrogen and organic matter, used as fertilizer directly.","og_url":"https:\/\/www.humicchina.com\/vi\/80-plant-source-amino-acid","og_site_name":"Humic Acid, Seaweed extract, Amino acid Manufacturer","article_publisher":"https:\/\/www.facebook.com\/JINGFENGHUMIC","article_modified_time":"2025-12-29T17:30:03+00:00","og_image":[{"width":204,"height":153,"url":"https:\/\/www.humicchina.com\/wp-content\/uploads\/2020\/07\/cover.jpg","type":"image\/jpeg"}],"twitter_card":"summary_large_image","twitter_site":"@JINGFENG_HUMIC","twitter_misc":{"Est. reading time":"5 ph\u00fat"},"schema":{"@context":"https:\/\/schema.org","@graph":[{"@type":"WebPage","@id":"https:\/\/www.humicchina.com\/80-plant-source-amino-acid","url":"https:\/\/www.humicchina.com\/80-plant-source-amino-acid","name":"80% Plant source amino acid fertilizer","isPartOf":{"@id":"https:\/\/www.humicchina.com\/#website"},"primaryImageOfPage":{"@id":"https:\/\/www.humicchina.com\/80-plant-source-amino-acid#primaryimage"},"image":{"@id":"https:\/\/www.humicchina.com\/80-plant-source-amino-acid#primaryimage"},"thumbnailUrl":"https:\/\/www.humicchina.com\/wp-content\/uploads\/2020\/07\/cover.jpg","datePublished":"2019-11-11T06:04:04+00:00","dateModified":"2025-12-29T17:30:03+00:00","description":"The raw materials for 80%\u00a0plant source amino acid are soybean. Rich in amino acids, nitrogen and organic matter, used as fertilizer directly.","inLanguage":"vi","potentialAction":[{"@type":"ReadAction","target":["https:\/\/www.humicchina.com\/80-plant-source-amino-acid"]}]},{"@type":"ImageObject","inLanguage":"vi","@id":"https:\/\/www.humicchina.com\/80-plant-source-amino-acid#primaryimage","url":"https:\/\/www.humicchina.com\/wp-content\/uploads\/2020\/07\/cover.jpg","contentUrl":"https:\/\/www.humicchina.com\/wp-content\/uploads\/2020\/07\/cover.jpg","width":204,"height":153},{"@type":"WebSite","@id":"https:\/\/www.humicchina.com\/#website","url":"https:\/\/www.humicchina.com\/","name":"Humic Acid, Seaweed extract, Amino acid Manufacturer","description":"","publisher":{"@id":"https:\/\/www.humicchina.com\/#organization"},"potentialAction":[{"@type":"SearchAction","target":{"@type":"EntryPoint","urlTemplate":"https:\/\/www.humicchina.com\/?s={search_term_string}"},"query-input":{"@type":"PropertyValueSpecification","valueRequired":true,"valueName":"search_term_string"}}],"inLanguage":"vi"},{"@type":"Organization","@id":"https:\/\/www.humicchina.com\/#organization","name":"JINGFENG HUMIC ACID","url":"https:\/\/www.humicchina.com\/","logo":{"@type":"ImageObject","inLanguage":"vi","@id":"https:\/\/www.humicchina.com\/#\/schema\/logo\/image\/","url":"https:\/\/www.humicchina.com\/wp-content\/uploads\/2019\/11\/JINGFENG-512-512.png","contentUrl":"https:\/\/www.humicchina.com\/wp-content\/uploads\/2019\/11\/JINGFENG-512-512.png","width":512,"height":512,"caption":"JINGFENG HUMIC ACID"},"image":{"@id":"https:\/\/www.humicchina.com\/#\/schema\/logo\/image\/"},"sameAs":["https:\/\/www.facebook.com\/JINGFENGHUMIC","https:\/\/x.com\/JINGFENG_HUMIC"]}]}},"_links":{"self":[{"href":"https:\/\/www.humicchina.com\/vi\/wp-json\/wp\/v2\/pages\/7243","targetHints":{"allow":["GET"]}}],"collection":[{"href":"https:\/\/www.humicchina.com\/vi\/wp-json\/wp\/v2\/pages"}],"about":[{"href":"https:\/\/www.humicchina.com\/vi\/wp-json\/wp\/v2\/types\/page"}],"author":[{"embeddable":true,"href":"https:\/\/www.humicchina.com\/vi\/wp-json\/wp\/v2\/users\/1"}],"replies":[{"embeddable":true,"href":"https:\/\/www.humicchina.com\/vi\/wp-json\/wp\/v2\/comments?post=7243"}],"version-history":[{"count":3,"href":"https:\/\/www.humicchina.com\/vi\/wp-json\/wp\/v2\/pages\/7243\/revisions"}],"predecessor-version":[{"id":18881,"href":"https:\/\/www.humicchina.com\/vi\/wp-json\/wp\/v2\/pages\/7243\/revisions\/18881"}],"wp:featuredmedia":[{"embeddable":true,"href":"https:\/\/www.humicchina.com\/vi\/wp-json\/wp\/v2\/media\/10451"}],"wp:attachment":[{"href":"https:\/\/www.humicchina.com\/vi\/wp-json\/wp\/v2\/media?parent=7243"}],"curies":[{"name":"wp","href":"https:\/\/api.w.org\/{rel}","templated":true}]}}